{"id":1489,"date":"2025-07-14T20:48:29","date_gmt":"2025-07-14T20:48:29","guid":{"rendered":"https:\/\/escale-rhum.ch\/?post_type=product&#038;p=1489"},"modified":"2025-10-05T06:05:14","modified_gmt":"2025-10-05T06:05:14","slug":"rhum-black-premium","status":"publish","type":"product","link":"http:\/\/escale-rhum.ch\/de\/product\/rhum-black-premium\/","title":{"rendered":"Saint Aubin &#8211; Premium Rhum brun \u00ab\u00a0Black\u00a0\u00bb"},"content":{"rendered":"<h1 style=\"text-align: center;\">Saint Aubin Premium \u2013 Rhum brun \u00ab\u00a0Black\u00a0\u00bb<\/h1>\n<h1 style=\"text-align: center;\"><i>La profondeur bois\u00e9e de l\u2019Ile Maurice<\/i><\/h1>\n<p>Geschichte im Glas<\/p>\n<p style=\"font-weight: 400;\">Le Saint Aubin Premium Black est le fruit de l\u2019alliance de la tradition et du terroir mauricien. Distill\u00e9 \u00e0 partir de <strong>pur jus de canne<\/strong>dans un <strong>alambic en cuivre<\/strong>, il vieillit ensuite en <strong>f\u00fbts de ch\u00eane<\/strong>, d\u00e9veloppant une robe sombre et des ar\u00f4mes intenses et complexes. Sa richesse aromatique r\u00e9v\u00e8le un \u00e9quilibre subtil entre la douceur de la canne, les notes bois\u00e9es et les touches fruit\u00e9es et \u00e9pic\u00e9es.<\/p>\n<p>Sensorische Noten<\/p>\n<ul>\n<li><strong>Au nez : <\/strong>nuances profondes de banane m\u00fbre, cacao et caramel, relev\u00e9es par un soup\u00e7on d\u2019\u00e9pices douces et de vanille<\/li>\n<li><strong>En bouche : <\/strong>attaque ronde et soyeuse, m\u00e9langeant fruits confits, caramel et notes l\u00e9g\u00e8rement grill\u00e9es<\/li>\n<li><strong>Finale : <\/strong>longue, enveloppante, avec un rappel subtil de bois et d\u2019\u00e9pices, laissant une impression persistante et \u00e9l\u00e9gante<\/li>\n<\/ul>\n<p>Verkostung &amp; Kombinationen<\/p>\n<ul>\n<li><strong>Moment id\u00e9al\u00a0: <\/strong>ap\u00e9ritif, digestif, d\u00e9gustation pure, moment d\u00e9tente<\/li>\n<li><strong>Accords mets\u00a0: <\/strong>plats \u00e9pic\u00e9s, tajine aux pruneaux, poulet aux \u00e9pices douces, brownie noir, bananes flamb\u00e9es, tarte au caramel<\/li>\n<li><strong>Conseils de service\u00a0: <\/strong>conservation d\u00e9bout, \u00e0 l\u2019abri de la lumi\u00e8re et de la chaleur, verre \u00e0 whisky pour d\u00e9couvrir la complexit\u00e9 aromatique en douceur, verre \u00ab\u00a0lowball\u00a0\u00bb avec gla\u00e7on<\/li>\n<\/ul>\n<p>Technisches Datenblatt<\/p>\n<ul>\n<li class=\"translation-block\"><b>Inhalt: <\/b><span style=\"font-weight: 400\">70 cl<\/span><\/li>\n<li class=\"translation-block\"><b>Alkoholgehalt: <\/b><span style=\"font-weight: 400\">40 % vol.<\/span><\/li>\n<li class=\"translation-block\"><b>Format: <\/b><span style=\"font-weight: 400\">Flasche<\/span><\/li>\n<li><strong>Produktreferenz: <\/strong>SAPR-RBB7040<\/li>\n<\/ul>","protected":false},"excerpt":{"rendered":"<p>Le Saint Aubin Gold Premium est un rhum agricole d\u2019exception qui puise sa personnalit\u00e9 dans la canne fra\u00eeche de l\u2019\u00eele Maurice et dans le savoir-faire artisanal de la distillerie.<\/p>\n<pre><\/pre>","protected":false},"featured_media":1499,"comment_status":"open","ping_status":"closed","template":"","meta":[],"product_brand":[],"product_cat":[22],"product_tag":[],"class_list":{"0":"post-1489","1":"product","2":"type-product","3":"status-publish","4":"has-post-thumbnail","6":"product_cat-rhum-premium","8":"first","9":"instock","10":"taxable","11":"shipping-taxable","12":"purchasable","13":"product-type-simple"},"yoast_head":"<!-- This site is optimized with the Yoast SEO plugin v26.0 - https:\/\/yoast.com\/wordpress\/plugins\/seo\/ -->\n<title>Saint Aubin - Premium Rhum brun &quot;Black&quot; - EscaleRhum.ch<\/title>\n<meta name=\"robots\" content=\"index, follow, max-snippet:-1, max-image-preview:large, max-video-preview:-1\" \/>\n<link rel=\"canonical\" href=\"https:\/\/escale-rhum.ch\/de\/product\/rhum-black-premium\/\" \/>\n<meta property=\"og:locale\" content=\"de_DE\" \/>\n<meta property=\"og:type\" content=\"article\" \/>\n<meta property=\"og:title\" content=\"Saint Aubin - Premium Rhum brun &quot;Black&quot; - EscaleRhum.ch\" \/>\n<meta property=\"og:description\" content=\"Le Saint Aubin Gold Premium est un rhum agricole d\u2019exception qui puise sa personnalit\u00e9 dans la canne fra\u00eeche de l\u2019\u00eele Maurice et dans le savoir-faire artisanal de la distillerie.\" \/>\n<meta property=\"og:url\" content=\"https:\/\/escale-rhum.ch\/de\/product\/rhum-black-premium\/\" \/>\n<meta property=\"og:site_name\" content=\"EscaleRhum.ch\" \/>\n<meta property=\"article:publisher\" content=\"https:\/\/www.facebook.com\/profile.php?id=61579168031030\" \/>\n<meta property=\"article:modified_time\" content=\"2025-10-05T06:05:14+00:00\" \/>\n<meta property=\"og:image\" content=\"https:\/\/escale-rhum.ch\/wp-content\/uploads\/2025\/07\/Saint-Aubin-Premium-Black.jpg\" \/>\n\t<meta property=\"og:image:width\" content=\"1000\" \/>\n\t<meta property=\"og:image:height\" content=\"1000\" \/>\n\t<meta property=\"og:image:type\" content=\"image\/jpeg\" \/>\n<meta name=\"twitter:card\" content=\"summary_large_image\" \/>\n<meta name=\"twitter:label1\" content=\"Gesch\u00e4tzte Lesezeit\" \/>\n\t<meta name=\"twitter:data1\" content=\"2\u00a0Minuten\" \/>\n<script type=\"application\/ld+json\" class=\"yoast-schema-graph\">{\"@context\":\"https:\/\/schema.org\",\"@graph\":[{\"@type\":\"WebPage\",\"@id\":\"https:\/\/escale-rhum.ch\/product\/rhum-black-premium\/\",\"url\":\"https:\/\/escale-rhum.ch\/product\/rhum-black-premium\/\",\"name\":\"Saint Aubin - Premium Rhum brun \\\"Black\\\" - EscaleRhum.ch\",\"isPartOf\":{\"@id\":\"http:\/\/escale-rhum.ch\/de\/#website\"},\"primaryImageOfPage\":{\"@id\":\"https:\/\/escale-rhum.ch\/product\/rhum-black-premium\/#primaryimage\"},\"image\":{\"@id\":\"https:\/\/escale-rhum.ch\/product\/rhum-black-premium\/#primaryimage\"},\"thumbnailUrl\":\"https:\/\/escale-rhum.ch\/wp-content\/uploads\/2025\/07\/Saint-Aubin-Premium-Black.jpg\",\"datePublished\":\"2025-07-14T20:48:29+00:00\",\"dateModified\":\"2025-10-05T06:05:14+00:00\",\"breadcrumb\":{\"@id\":\"https:\/\/escale-rhum.ch\/product\/rhum-black-premium\/#breadcrumb\"},\"inLanguage\":\"de\",\"potentialAction\":[{\"@type\":\"ReadAction\",\"target\":[\"https:\/\/escale-rhum.ch\/product\/rhum-black-premium\/\"]}]},{\"@type\":\"ImageObject\",\"inLanguage\":\"de\",\"@id\":\"https:\/\/escale-rhum.ch\/product\/rhum-black-premium\/#primaryimage\",\"url\":\"https:\/\/escale-rhum.ch\/wp-content\/uploads\/2025\/07\/Saint-Aubin-Premium-Black.jpg\",\"contentUrl\":\"https:\/\/escale-rhum.ch\/wp-content\/uploads\/2025\/07\/Saint-Aubin-Premium-Black.jpg\",\"width\":1000,\"height\":1000},{\"@type\":\"BreadcrumbList\",\"@id\":\"https:\/\/escale-rhum.ch\/product\/rhum-black-premium\/#breadcrumb\",\"itemListElement\":[{\"@type\":\"ListItem\",\"position\":1,\"name\":\"Accueil\",\"item\":\"https:\/\/escale-rhum.ch\/\"},{\"@type\":\"ListItem\",\"position\":2,\"name\":\"Nos rhums\",\"item\":\"http:\/\/escale-rhum.ch\/de\/nos-rhums\/\"},{\"@type\":\"ListItem\",\"position\":3,\"name\":\"Saint Aubin &#8211; Premium Rhum brun \u00ab\u00a0Black\u00a0\u00bb\"}]},{\"@type\":\"WebSite\",\"@id\":\"http:\/\/escale-rhum.ch\/de\/#website\",\"url\":\"http:\/\/escale-rhum.ch\/de\/\",\"name\":\"Escale Rhum\",\"description\":\"Voyagez \u00e0 travers les saveurs authentiques de l\u2019\u00eele Maurice.\",\"publisher\":{\"@id\":\"http:\/\/escale-rhum.ch\/de\/#organization\"},\"alternateName\":\"escale-rhum.ch\",\"potentialAction\":[{\"@type\":\"SearchAction\",\"target\":{\"@type\":\"EntryPoint\",\"urlTemplate\":\"http:\/\/escale-rhum.ch\/de\/?s={search_term_string}\"},\"query-input\":{\"@type\":\"PropertyValueSpecification\",\"valueRequired\":true,\"valueName\":\"search_term_string\"}}],\"inLanguage\":\"de\"},{\"@type\":\"Organization\",\"@id\":\"http:\/\/escale-rhum.ch\/de\/#organization\",\"name\":\"Escale Rhum\",\"alternateName\":\"escale-rhum.ch\",\"url\":\"http:\/\/escale-rhum.ch\/de\/\",\"logo\":{\"@type\":\"ImageObject\",\"inLanguage\":\"de\",\"@id\":\"http:\/\/escale-rhum.ch\/de\/#\/schema\/logo\/image\/\",\"url\":\"https:\/\/escale-rhum.ch\/wp-content\/uploads\/2025\/09\/Logo-Version-Final-Logo-Rhum-et-Sens-4.png\",\"contentUrl\":\"https:\/\/escale-rhum.ch\/wp-content\/uploads\/2025\/09\/Logo-Version-Final-Logo-Rhum-et-Sens-4.png\",\"width\":500,\"height\":500,\"caption\":\"Escale Rhum\"},\"image\":{\"@id\":\"http:\/\/escale-rhum.ch\/de\/#\/schema\/logo\/image\/\"},\"sameAs\":[\"https:\/\/www.facebook.com\/profile.php?id=61579168031030\"]}]}<\/script>\n<!-- \/ Yoast SEO plugin. -->","yoast_head_json":{"title":"Saint Aubin - Premium Rhum brun \"Black\" - EscaleRhum.ch","robots":{"index":"index","follow":"follow","max-snippet":"max-snippet:-1","max-image-preview":"max-image-preview:large","max-video-preview":"max-video-preview:-1"},"canonical":"https:\/\/escale-rhum.ch\/de\/product\/rhum-black-premium\/","og_locale":"de_DE","og_type":"article","og_title":"Saint Aubin - Premium Rhum brun \"Black\" - EscaleRhum.ch","og_description":"Le Saint Aubin Gold Premium est un rhum agricole d\u2019exception qui puise sa personnalit\u00e9 dans la canne fra\u00eeche de l\u2019\u00eele Maurice et dans le savoir-faire artisanal de la distillerie.","og_url":"https:\/\/escale-rhum.ch\/de\/product\/rhum-black-premium\/","og_site_name":"EscaleRhum.ch","article_publisher":"https:\/\/www.facebook.com\/profile.php?id=61579168031030","article_modified_time":"2025-10-05T06:05:14+00:00","og_image":[{"width":1000,"height":1000,"url":"https:\/\/escale-rhum.ch\/wp-content\/uploads\/2025\/07\/Saint-Aubin-Premium-Black.jpg","type":"image\/jpeg"}],"twitter_card":"summary_large_image","twitter_misc":{"Gesch\u00e4tzte Lesezeit":"2\u00a0Minuten"},"schema":{"@context":"https:\/\/schema.org","@graph":[{"@type":"WebPage","@id":"https:\/\/escale-rhum.ch\/product\/rhum-black-premium\/","url":"https:\/\/escale-rhum.ch\/product\/rhum-black-premium\/","name":"Saint Aubin - Premium Rhum brun \"Black\" - EscaleRhum.ch","isPartOf":{"@id":"http:\/\/escale-rhum.ch\/de\/#website"},"primaryImageOfPage":{"@id":"https:\/\/escale-rhum.ch\/product\/rhum-black-premium\/#primaryimage"},"image":{"@id":"https:\/\/escale-rhum.ch\/product\/rhum-black-premium\/#primaryimage"},"thumbnailUrl":"https:\/\/escale-rhum.ch\/wp-content\/uploads\/2025\/07\/Saint-Aubin-Premium-Black.jpg","datePublished":"2025-07-14T20:48:29+00:00","dateModified":"2025-10-05T06:05:14+00:00","breadcrumb":{"@id":"https:\/\/escale-rhum.ch\/product\/rhum-black-premium\/#breadcrumb"},"inLanguage":"de","potentialAction":[{"@type":"ReadAction","target":["https:\/\/escale-rhum.ch\/product\/rhum-black-premium\/"]}]},{"@type":"ImageObject","inLanguage":"de","@id":"https:\/\/escale-rhum.ch\/product\/rhum-black-premium\/#primaryimage","url":"https:\/\/escale-rhum.ch\/wp-content\/uploads\/2025\/07\/Saint-Aubin-Premium-Black.jpg","contentUrl":"https:\/\/escale-rhum.ch\/wp-content\/uploads\/2025\/07\/Saint-Aubin-Premium-Black.jpg","width":1000,"height":1000},{"@type":"BreadcrumbList","@id":"https:\/\/escale-rhum.ch\/product\/rhum-black-premium\/#breadcrumb","itemListElement":[{"@type":"ListItem","position":1,"name":"Accueil","item":"https:\/\/escale-rhum.ch\/"},{"@type":"ListItem","position":2,"name":"Nos rhums","item":"http:\/\/escale-rhum.ch\/de\/nos-rhums\/"},{"@type":"ListItem","position":3,"name":"Saint Aubin &#8211; Premium Rhum brun \u00ab\u00a0Black\u00a0\u00bb"}]},{"@type":"WebSite","@id":"http:\/\/escale-rhum.ch\/de\/#website","url":"http:\/\/escale-rhum.ch\/de\/","name":"Escale Rhum","description":"Voyagez \u00e0 travers les saveurs authentiques de l\u2019\u00eele Maurice.","publisher":{"@id":"http:\/\/escale-rhum.ch\/de\/#organization"},"alternateName":"escale-rhum.ch","potentialAction":[{"@type":"SearchAction","target":{"@type":"EntryPoint","urlTemplate":"http:\/\/escale-rhum.ch\/de\/?s={search_term_string}"},"query-input":{"@type":"PropertyValueSpecification","valueRequired":true,"valueName":"search_term_string"}}],"inLanguage":"de"},{"@type":"Organization","@id":"http:\/\/escale-rhum.ch\/de\/#organization","name":"Escale Rhum","alternateName":"escale-rhum.ch","url":"http:\/\/escale-rhum.ch\/de\/","logo":{"@type":"ImageObject","inLanguage":"de","@id":"http:\/\/escale-rhum.ch\/de\/#\/schema\/logo\/image\/","url":"https:\/\/escale-rhum.ch\/wp-content\/uploads\/2025\/09\/Logo-Version-Final-Logo-Rhum-et-Sens-4.png","contentUrl":"https:\/\/escale-rhum.ch\/wp-content\/uploads\/2025\/09\/Logo-Version-Final-Logo-Rhum-et-Sens-4.png","width":500,"height":500,"caption":"Escale Rhum"},"image":{"@id":"http:\/\/escale-rhum.ch\/de\/#\/schema\/logo\/image\/"},"sameAs":["https:\/\/www.facebook.com\/profile.php?id=61579168031030"]}]}},"jetpack_sharing_enabled":true,"_links":{"self":[{"href":"http:\/\/escale-rhum.ch\/de\/wp-json\/wp\/v2\/product\/1489","targetHints":{"allow":["GET"]}}],"collection":[{"href":"http:\/\/escale-rhum.ch\/de\/wp-json\/wp\/v2\/product"}],"about":[{"href":"http:\/\/escale-rhum.ch\/de\/wp-json\/wp\/v2\/types\/product"}],"replies":[{"embeddable":true,"href":"http:\/\/escale-rhum.ch\/de\/wp-json\/wp\/v2\/comments?post=1489"}],"wp:featuredmedia":[{"embeddable":true,"href":"http:\/\/escale-rhum.ch\/de\/wp-json\/wp\/v2\/media\/1499"}],"wp:attachment":[{"href":"http:\/\/escale-rhum.ch\/de\/wp-json\/wp\/v2\/media?parent=1489"}],"wp:term":[{"taxonomy":"product_brand","embeddable":true,"href":"http:\/\/escale-rhum.ch\/de\/wp-json\/wp\/v2\/product_brand?post=1489"},{"taxonomy":"product_cat","embeddable":true,"href":"http:\/\/escale-rhum.ch\/de\/wp-json\/wp\/v2\/product_cat?post=1489"},{"taxonomy":"product_tag","embeddable":true,"href":"http:\/\/escale-rhum.ch\/de\/wp-json\/wp\/v2\/product_tag?post=1489"}],"curies":[{"name":"wp","href":"https:\/\/api.w.org\/{rel}","templated":true}]}}