{"id":1500,"date":"2025-09-08T10:22:49","date_gmt":"2025-09-08T10:22:49","guid":{"rendered":"https:\/\/escale-rhum.ch\/?post_type=product&#038;p=1500"},"modified":"2025-10-05T05:56:06","modified_gmt":"2025-10-05T05:56:06","slug":"gold-premium-rhum","status":"publish","type":"product","link":"http:\/\/escale-rhum.ch\/de\/product\/gold-premium-rhum\/","title":{"rendered":"Saint Aubin &#8211; Premium Rhum ambr\u00e9 \u00ab\u00a0Gold\u00a0\u00bb"},"content":{"rendered":"<h1 style=\"text-align: center;\">Saint Aubin &#8211; Premium Rhum ambr\u00e9 \u00ab Gold \u00bb<\/h1>\n<h1 style=\"text-align: center;\"><i>L\u2019\u00e9clat chaleureux de l\u2019\u00eele Maurice<\/i><\/h1>\n<p>Geschichte im Glas<\/p>\n<p style=\"font-weight: 400;\">Le Saint Aubin Gold Premium est un rhum agricole d\u2019exception qui puise sa personnalit\u00e9 dans la <strong>canne fra\u00eeche de l\u2019\u00eele Maurice<\/strong> et dans le savoir-faire artisanal de la distillerie. Vieilli en <strong>f\u00fbts de ch\u00eane, soigneusement s\u00e9lectionn\u00e9s<\/strong>, il d\u00e9veloppe une robe dor\u00e9e intense et des ar\u00f4mes \u00e9quilibr\u00e9s entre douceur et richesse bois\u00e9e. Ce rhum raconte une histoire de chaleur tropicale, de terres fertiles et de ma\u00eetrise des distillations traditionnelles.<\/p>\n<p>Sensorische Noten<\/p>\n<ul>\n<li><strong>Au nez : <\/strong>ar\u00f4mes d\u00e9licats de miel, de caramel l\u00e9ger et de fruits secs, avec une touche subtile d\u2019\u00e9pices douces et de vanille<\/li>\n<li><strong>En bouche : <\/strong>texture ronde et soyeuse, notes de pain d\u2019\u00e9pices, amande et fruits confits, avec un bel \u00e9quilibre entre douceur et profondeur<\/li>\n<li><strong>Finale : <\/strong>longue et chaleureuse, l\u00e9g\u00e8rement bois\u00e9e, laissant une sensation enveloppante et gourmande<\/li>\n<\/ul>\n<p>Verkostung &amp; Kombinationen<\/p>\n<ul>\n<li><strong>Moment id\u00e9al\u00a0: <\/strong>ap\u00e9ritif, repas, dessert et d\u00e9tente, digestif, d\u00e9gustation pure, cocktail<\/li>\n<li><strong>Accords mets\u00a0: <\/strong>poulet r\u00f4ti au miel, tajine, cocktail maison, tarte aux poires et caramel, flan au miel, financiers aux amandes<\/li>\n<li><strong>Conseils de service\u00a0: <\/strong>conservation debout, \u00e0 l\u2019abri de la lumi\u00e8re et de la chaleur, laisser respirer quelques minutes dans le verre pour que les ar\u00f4mes se d\u00e9ploient pleinement\u00a0; verre tulipe l\u00e9g\u00e8rement chauff\u00e9, verre ballon avec gla\u00e7on<\/li>\n<\/ul>\n<p>Technisches Datenblatt<\/p>\n<ul>\n<li class=\"translation-block\"><b>Inhalt: <\/b><span style=\"font-weight: 400\">70 cl<\/span><\/li>\n<li class=\"translation-block\"><b>Alkoholgehalt: <\/b><span style=\"font-weight: 400\">40 % vol.<\/span><\/li>\n<li class=\"translation-block\"><b>Format: <\/b><span style=\"font-weight: 400\">Flasche<\/span><\/li>\n<li><strong>Produktreferenz: <\/strong>SAPR-RAG7040<\/li>\n<\/ul>","protected":false},"excerpt":{"rendered":"<p>Le Saint Aubin Gold Premium est un rhum agricole d\u2019exception qui puise sa personnalit\u00e9 dans la canne fra\u00eeche de l\u2019\u00eele Maurice et dans le savoir-faire artisanal de la distillerie.<\/p>","protected":false},"featured_media":1501,"comment_status":"open","ping_status":"closed","template":"","meta":[],"product_brand":[],"product_cat":[22],"product_tag":[],"class_list":{"0":"post-1500","1":"product","2":"type-product","3":"status-publish","4":"has-post-thumbnail","6":"product_cat-rhum-premium","8":"first","9":"instock","10":"taxable","11":"shipping-taxable","12":"purchasable","13":"product-type-simple"},"yoast_head":"<!-- This site is optimized with the Yoast SEO plugin v26.0 - https:\/\/yoast.com\/wordpress\/plugins\/seo\/ -->\n<title>Saint Aubin - Premium Rhum ambr\u00e9 &quot;Gold&quot; - EscaleRhum.ch<\/title>\n<meta name=\"robots\" content=\"index, follow, max-snippet:-1, max-image-preview:large, max-video-preview:-1\" \/>\n<link rel=\"canonical\" href=\"https:\/\/escale-rhum.ch\/de\/product\/gold-premium-rhum\/\" \/>\n<meta property=\"og:locale\" content=\"de_DE\" \/>\n<meta property=\"og:type\" content=\"article\" \/>\n<meta property=\"og:title\" content=\"Saint Aubin - Premium Rhum ambr\u00e9 &quot;Gold&quot; - EscaleRhum.ch\" \/>\n<meta property=\"og:description\" content=\"Le Saint Aubin Gold Premium est un rhum agricole d\u2019exception qui puise sa personnalit\u00e9 dans la canne fra\u00eeche de l\u2019\u00eele Maurice et dans le savoir-faire artisanal de la distillerie.\" \/>\n<meta property=\"og:url\" content=\"https:\/\/escale-rhum.ch\/de\/product\/gold-premium-rhum\/\" \/>\n<meta property=\"og:site_name\" content=\"EscaleRhum.ch\" \/>\n<meta property=\"article:publisher\" content=\"https:\/\/www.facebook.com\/profile.php?id=61579168031030\" \/>\n<meta property=\"article:modified_time\" content=\"2025-10-05T05:56:06+00:00\" \/>\n<meta property=\"og:image\" content=\"https:\/\/escale-rhum.ch\/wp-content\/uploads\/2025\/09\/Premium-Gold-Saint-Aubin.jpg\" \/>\n\t<meta property=\"og:image:width\" content=\"1000\" \/>\n\t<meta property=\"og:image:height\" content=\"1000\" \/>\n\t<meta property=\"og:image:type\" content=\"image\/jpeg\" \/>\n<meta name=\"twitter:card\" content=\"summary_large_image\" \/>\n<meta name=\"twitter:label1\" content=\"Gesch\u00e4tzte Lesezeit\" \/>\n\t<meta name=\"twitter:data1\" content=\"2\u00a0Minuten\" \/>\n<script type=\"application\/ld+json\" class=\"yoast-schema-graph\">{\"@context\":\"https:\/\/schema.org\",\"@graph\":[{\"@type\":\"WebPage\",\"@id\":\"https:\/\/escale-rhum.ch\/product\/gold-premium-rhum\/\",\"url\":\"https:\/\/escale-rhum.ch\/product\/gold-premium-rhum\/\",\"name\":\"Saint Aubin - Premium Rhum ambr\u00e9 \\\"Gold\\\" - EscaleRhum.ch\",\"isPartOf\":{\"@id\":\"http:\/\/escale-rhum.ch\/de\/#website\"},\"primaryImageOfPage\":{\"@id\":\"https:\/\/escale-rhum.ch\/product\/gold-premium-rhum\/#primaryimage\"},\"image\":{\"@id\":\"https:\/\/escale-rhum.ch\/product\/gold-premium-rhum\/#primaryimage\"},\"thumbnailUrl\":\"https:\/\/escale-rhum.ch\/wp-content\/uploads\/2025\/09\/Premium-Gold-Saint-Aubin.jpg\",\"datePublished\":\"2025-09-08T10:22:49+00:00\",\"dateModified\":\"2025-10-05T05:56:06+00:00\",\"breadcrumb\":{\"@id\":\"https:\/\/escale-rhum.ch\/product\/gold-premium-rhum\/#breadcrumb\"},\"inLanguage\":\"de\",\"potentialAction\":[{\"@type\":\"ReadAction\",\"target\":[\"https:\/\/escale-rhum.ch\/product\/gold-premium-rhum\/\"]}]},{\"@type\":\"ImageObject\",\"inLanguage\":\"de\",\"@id\":\"https:\/\/escale-rhum.ch\/product\/gold-premium-rhum\/#primaryimage\",\"url\":\"https:\/\/escale-rhum.ch\/wp-content\/uploads\/2025\/09\/Premium-Gold-Saint-Aubin.jpg\",\"contentUrl\":\"https:\/\/escale-rhum.ch\/wp-content\/uploads\/2025\/09\/Premium-Gold-Saint-Aubin.jpg\",\"width\":1000,\"height\":1000},{\"@type\":\"BreadcrumbList\",\"@id\":\"https:\/\/escale-rhum.ch\/product\/gold-premium-rhum\/#breadcrumb\",\"itemListElement\":[{\"@type\":\"ListItem\",\"position\":1,\"name\":\"Accueil\",\"item\":\"https:\/\/escale-rhum.ch\/\"},{\"@type\":\"ListItem\",\"position\":2,\"name\":\"Nos rhums\",\"item\":\"http:\/\/escale-rhum.ch\/de\/nos-rhums\/\"},{\"@type\":\"ListItem\",\"position\":3,\"name\":\"Saint Aubin &#8211; Premium Rhum ambr\u00e9 \u00ab\u00a0Gold\u00a0\u00bb\"}]},{\"@type\":\"WebSite\",\"@id\":\"http:\/\/escale-rhum.ch\/de\/#website\",\"url\":\"http:\/\/escale-rhum.ch\/de\/\",\"name\":\"Escale Rhum\",\"description\":\"Voyagez \u00e0 travers les saveurs authentiques de l\u2019\u00eele Maurice.\",\"publisher\":{\"@id\":\"http:\/\/escale-rhum.ch\/de\/#organization\"},\"alternateName\":\"escale-rhum.ch\",\"potentialAction\":[{\"@type\":\"SearchAction\",\"target\":{\"@type\":\"EntryPoint\",\"urlTemplate\":\"http:\/\/escale-rhum.ch\/de\/?s={search_term_string}\"},\"query-input\":{\"@type\":\"PropertyValueSpecification\",\"valueRequired\":true,\"valueName\":\"search_term_string\"}}],\"inLanguage\":\"de\"},{\"@type\":\"Organization\",\"@id\":\"http:\/\/escale-rhum.ch\/de\/#organization\",\"name\":\"Escale Rhum\",\"alternateName\":\"escale-rhum.ch\",\"url\":\"http:\/\/escale-rhum.ch\/de\/\",\"logo\":{\"@type\":\"ImageObject\",\"inLanguage\":\"de\",\"@id\":\"http:\/\/escale-rhum.ch\/de\/#\/schema\/logo\/image\/\",\"url\":\"https:\/\/escale-rhum.ch\/wp-content\/uploads\/2025\/09\/Logo-Version-Final-Logo-Rhum-et-Sens-4.png\",\"contentUrl\":\"https:\/\/escale-rhum.ch\/wp-content\/uploads\/2025\/09\/Logo-Version-Final-Logo-Rhum-et-Sens-4.png\",\"width\":500,\"height\":500,\"caption\":\"Escale Rhum\"},\"image\":{\"@id\":\"http:\/\/escale-rhum.ch\/de\/#\/schema\/logo\/image\/\"},\"sameAs\":[\"https:\/\/www.facebook.com\/profile.php?id=61579168031030\"]}]}<\/script>\n<!-- \/ Yoast SEO plugin. -->","yoast_head_json":{"title":"Saint Aubin - Premium Rhum ambr\u00e9 \"Gold\" - EscaleRhum.ch","robots":{"index":"index","follow":"follow","max-snippet":"max-snippet:-1","max-image-preview":"max-image-preview:large","max-video-preview":"max-video-preview:-1"},"canonical":"https:\/\/escale-rhum.ch\/de\/product\/gold-premium-rhum\/","og_locale":"de_DE","og_type":"article","og_title":"Saint Aubin - Premium Rhum ambr\u00e9 \"Gold\" - EscaleRhum.ch","og_description":"Le Saint Aubin Gold Premium est un rhum agricole d\u2019exception qui puise sa personnalit\u00e9 dans la canne fra\u00eeche de l\u2019\u00eele Maurice et dans le savoir-faire artisanal de la distillerie.","og_url":"https:\/\/escale-rhum.ch\/de\/product\/gold-premium-rhum\/","og_site_name":"EscaleRhum.ch","article_publisher":"https:\/\/www.facebook.com\/profile.php?id=61579168031030","article_modified_time":"2025-10-05T05:56:06+00:00","og_image":[{"width":1000,"height":1000,"url":"https:\/\/escale-rhum.ch\/wp-content\/uploads\/2025\/09\/Premium-Gold-Saint-Aubin.jpg","type":"image\/jpeg"}],"twitter_card":"summary_large_image","twitter_misc":{"Gesch\u00e4tzte Lesezeit":"2\u00a0Minuten"},"schema":{"@context":"https:\/\/schema.org","@graph":[{"@type":"WebPage","@id":"https:\/\/escale-rhum.ch\/product\/gold-premium-rhum\/","url":"https:\/\/escale-rhum.ch\/product\/gold-premium-rhum\/","name":"Saint Aubin - Premium Rhum ambr\u00e9 \"Gold\" - EscaleRhum.ch","isPartOf":{"@id":"http:\/\/escale-rhum.ch\/de\/#website"},"primaryImageOfPage":{"@id":"https:\/\/escale-rhum.ch\/product\/gold-premium-rhum\/#primaryimage"},"image":{"@id":"https:\/\/escale-rhum.ch\/product\/gold-premium-rhum\/#primaryimage"},"thumbnailUrl":"https:\/\/escale-rhum.ch\/wp-content\/uploads\/2025\/09\/Premium-Gold-Saint-Aubin.jpg","datePublished":"2025-09-08T10:22:49+00:00","dateModified":"2025-10-05T05:56:06+00:00","breadcrumb":{"@id":"https:\/\/escale-rhum.ch\/product\/gold-premium-rhum\/#breadcrumb"},"inLanguage":"de","potentialAction":[{"@type":"ReadAction","target":["https:\/\/escale-rhum.ch\/product\/gold-premium-rhum\/"]}]},{"@type":"ImageObject","inLanguage":"de","@id":"https:\/\/escale-rhum.ch\/product\/gold-premium-rhum\/#primaryimage","url":"https:\/\/escale-rhum.ch\/wp-content\/uploads\/2025\/09\/Premium-Gold-Saint-Aubin.jpg","contentUrl":"https:\/\/escale-rhum.ch\/wp-content\/uploads\/2025\/09\/Premium-Gold-Saint-Aubin.jpg","width":1000,"height":1000},{"@type":"BreadcrumbList","@id":"https:\/\/escale-rhum.ch\/product\/gold-premium-rhum\/#breadcrumb","itemListElement":[{"@type":"ListItem","position":1,"name":"Accueil","item":"https:\/\/escale-rhum.ch\/"},{"@type":"ListItem","position":2,"name":"Nos rhums","item":"http:\/\/escale-rhum.ch\/de\/nos-rhums\/"},{"@type":"ListItem","position":3,"name":"Saint Aubin &#8211; Premium Rhum ambr\u00e9 \u00ab\u00a0Gold\u00a0\u00bb"}]},{"@type":"WebSite","@id":"http:\/\/escale-rhum.ch\/de\/#website","url":"http:\/\/escale-rhum.ch\/de\/","name":"Escale Rhum","description":"Voyagez \u00e0 travers les saveurs authentiques de l\u2019\u00eele Maurice.","publisher":{"@id":"http:\/\/escale-rhum.ch\/de\/#organization"},"alternateName":"escale-rhum.ch","potentialAction":[{"@type":"SearchAction","target":{"@type":"EntryPoint","urlTemplate":"http:\/\/escale-rhum.ch\/de\/?s={search_term_string}"},"query-input":{"@type":"PropertyValueSpecification","valueRequired":true,"valueName":"search_term_string"}}],"inLanguage":"de"},{"@type":"Organization","@id":"http:\/\/escale-rhum.ch\/de\/#organization","name":"Escale Rhum","alternateName":"escale-rhum.ch","url":"http:\/\/escale-rhum.ch\/de\/","logo":{"@type":"ImageObject","inLanguage":"de","@id":"http:\/\/escale-rhum.ch\/de\/#\/schema\/logo\/image\/","url":"https:\/\/escale-rhum.ch\/wp-content\/uploads\/2025\/09\/Logo-Version-Final-Logo-Rhum-et-Sens-4.png","contentUrl":"https:\/\/escale-rhum.ch\/wp-content\/uploads\/2025\/09\/Logo-Version-Final-Logo-Rhum-et-Sens-4.png","width":500,"height":500,"caption":"Escale Rhum"},"image":{"@id":"http:\/\/escale-rhum.ch\/de\/#\/schema\/logo\/image\/"},"sameAs":["https:\/\/www.facebook.com\/profile.php?id=61579168031030"]}]}},"jetpack_sharing_enabled":true,"_links":{"self":[{"href":"http:\/\/escale-rhum.ch\/de\/wp-json\/wp\/v2\/product\/1500","targetHints":{"allow":["GET"]}}],"collection":[{"href":"http:\/\/escale-rhum.ch\/de\/wp-json\/wp\/v2\/product"}],"about":[{"href":"http:\/\/escale-rhum.ch\/de\/wp-json\/wp\/v2\/types\/product"}],"replies":[{"embeddable":true,"href":"http:\/\/escale-rhum.ch\/de\/wp-json\/wp\/v2\/comments?post=1500"}],"wp:featuredmedia":[{"embeddable":true,"href":"http:\/\/escale-rhum.ch\/de\/wp-json\/wp\/v2\/media\/1501"}],"wp:attachment":[{"href":"http:\/\/escale-rhum.ch\/de\/wp-json\/wp\/v2\/media?parent=1500"}],"wp:term":[{"taxonomy":"product_brand","embeddable":true,"href":"http:\/\/escale-rhum.ch\/de\/wp-json\/wp\/v2\/product_brand?post=1500"},{"taxonomy":"product_cat","embeddable":true,"href":"http:\/\/escale-rhum.ch\/de\/wp-json\/wp\/v2\/product_cat?post=1500"},{"taxonomy":"product_tag","embeddable":true,"href":"http:\/\/escale-rhum.ch\/de\/wp-json\/wp\/v2\/product_tag?post=1500"}],"curies":[{"name":"wp","href":"https:\/\/api.w.org\/{rel}","templated":true}]}}