{"id":1514,"date":"2025-09-08T12:28:32","date_gmt":"2025-09-08T12:28:32","guid":{"rendered":"https:\/\/escale-rhum.ch\/?post_type=product&#038;p=1514"},"modified":"2025-10-04T19:29:57","modified_gmt":"2025-10-04T19:29:57","slug":"extra-premium-cacao","status":"publish","type":"product","link":"https:\/\/escale-rhum.ch\/de\/product\/extra-premium-cacao\/","title":{"rendered":"Saint Aubin &#8211; Extra Premium \u00ab\u00a0Cacao\u00a0\u00bb"},"content":{"rendered":"<h1 style=\"text-align: center;\">Saint Aubin Extra Premium \u00ab\u00a0Cacao\u00a0\u00bb<\/h1>\n<h1 style=\"text-align: center;\"><i>La gourmandise en h\u00e9ritage<\/i><\/h1>\n<p>Geschichte im Glas<\/p>\n<p style=\"font-weight: 400;\">Hommage au cacao mauricien, ce rhum exprime la gourmandise du chocolat noir m\u00eal\u00e9e \u00e0 la vivacit\u00e9 de la canne. Apr\u00e8s distillation en alambic et s\u00e9lection du c\u0153ur de chauffe, les f\u00e8ves de cacao viennent infuser la base pure, r\u00e9v\u00e9lant profondeur et intensit\u00e9.<\/p>\n<p>Sensorische Noten<\/p>\n<ul>\n<li><strong>Au nez : <\/strong>f\u00e8ves torr\u00e9fi\u00e9es, noisette et chocolat amer<\/li>\n<li><strong>En bouche : <\/strong>richesse chocolat\u00e9e, fruit sec, l\u00e9g\u00e8re pointe vanill\u00e9e<\/li>\n<li><strong>Finale : <\/strong>ample, persistante, avec une belle amertume noble<\/li>\n<\/ul>\n<p>Verkostung &amp; Kombinationen<\/p>\n<ul>\n<li class=\"translation-block\"><b>Idealer Moment: <\/b><span style=\"font-weight: 400\">Aperitif, Mahlzeit, Digestif, pur, Cocktail<\/span><\/li>\n<li><strong>Accords mets\u00a0: <\/strong>canard aux fruits rouges, volaille brais\u00e9e, truffes au chocolat, mousse noire, roquefort<\/li>\n<li><strong>Conseils de service\u00a0: <\/strong>conservation au frais, loin des odeurs fortes, laissez reposer quelques minutes dans le verre avant d\u00e9gustation\u00a0; verre ballon<\/li>\n<\/ul>\n<p>Technisches Datenblatt<\/p>\n<ul>\n<li class=\"translation-block\"><b>Inhalt: <\/b><span style=\"font-weight: 400\">70 cl<\/span><\/li>\n<li class=\"translation-block\"><b>Alkoholgehalt: <\/b><span style=\"font-weight: 400\">40 % vol.<\/span><\/li>\n<li class=\"translation-block\"><b>Format: <\/b><span style=\"font-weight: 400\">Flasche<\/span><\/li>\n<li><strong>Produktreferenz: <\/strong>SAEXP-CAO7040<\/li>\n<\/ul>","protected":false},"excerpt":{"rendered":"<p>Hommage au cacao mauricien, ce rhum exprime la gourmandise du chocolat noir m\u00eal\u00e9e \u00e0 la vivacit\u00e9 de la canne.<\/p>","protected":false},"featured_media":1515,"comment_status":"open","ping_status":"closed","template":"","meta":[],"product_brand":[],"product_cat":[24],"product_tag":[],"class_list":{"0":"post-1514","1":"product","2":"type-product","3":"status-publish","4":"has-post-thumbnail","6":"product_cat-extra-premium","8":"first","9":"instock","10":"taxable","11":"shipping-taxable","12":"purchasable","13":"product-type-simple"},"yoast_head":"<!-- This site is optimized with the Yoast SEO plugin v26.0 - https:\/\/yoast.com\/wordpress\/plugins\/seo\/ -->\n<title>Saint Aubin - Extra Premium &quot;Cacao&quot; - EscaleRhum.ch<\/title>\n<meta name=\"robots\" content=\"index, follow, max-snippet:-1, max-image-preview:large, max-video-preview:-1\" \/>\n<link rel=\"canonical\" href=\"https:\/\/escale-rhum.ch\/de\/product\/extra-premium-cacao\/\" \/>\n<meta property=\"og:locale\" content=\"de_DE\" \/>\n<meta property=\"og:type\" content=\"article\" \/>\n<meta property=\"og:title\" content=\"Saint Aubin - Extra Premium &quot;Cacao&quot; - EscaleRhum.ch\" \/>\n<meta property=\"og:description\" content=\"Hommage au cacao mauricien, ce rhum exprime la gourmandise du chocolat noir m\u00eal\u00e9e \u00e0 la vivacit\u00e9 de la canne.\" \/>\n<meta property=\"og:url\" content=\"https:\/\/escale-rhum.ch\/de\/product\/extra-premium-cacao\/\" \/>\n<meta property=\"og:site_name\" content=\"EscaleRhum.ch\" \/>\n<meta property=\"article:publisher\" content=\"https:\/\/www.facebook.com\/profile.php?id=61579168031030\" \/>\n<meta property=\"article:modified_time\" content=\"2025-10-04T19:29:57+00:00\" \/>\n<meta property=\"og:image\" content=\"https:\/\/escale-rhum.ch\/wp-content\/uploads\/2025\/09\/Cacao-Extra-Premium.jpg\" \/>\n\t<meta property=\"og:image:width\" content=\"1000\" \/>\n\t<meta property=\"og:image:height\" content=\"1000\" \/>\n\t<meta property=\"og:image:type\" content=\"image\/jpeg\" \/>\n<meta name=\"twitter:card\" content=\"summary_large_image\" \/>\n<meta name=\"twitter:label1\" content=\"Gesch\u00e4tzte Lesezeit\" \/>\n\t<meta name=\"twitter:data1\" content=\"1\u00a0Minute\" \/>\n<script type=\"application\/ld+json\" class=\"yoast-schema-graph\">{\"@context\":\"https:\/\/schema.org\",\"@graph\":[{\"@type\":\"WebPage\",\"@id\":\"https:\/\/escale-rhum.ch\/product\/extra-premium-cacao\/\",\"url\":\"https:\/\/escale-rhum.ch\/product\/extra-premium-cacao\/\",\"name\":\"Saint Aubin - Extra Premium \\\"Cacao\\\" - EscaleRhum.ch\",\"isPartOf\":{\"@id\":\"http:\/\/escale-rhum.ch\/de\/#website\"},\"primaryImageOfPage\":{\"@id\":\"https:\/\/escale-rhum.ch\/product\/extra-premium-cacao\/#primaryimage\"},\"image\":{\"@id\":\"https:\/\/escale-rhum.ch\/product\/extra-premium-cacao\/#primaryimage\"},\"thumbnailUrl\":\"https:\/\/escale-rhum.ch\/wp-content\/uploads\/2025\/09\/Cacao-Extra-Premium.jpg\",\"datePublished\":\"2025-09-08T12:28:32+00:00\",\"dateModified\":\"2025-10-04T19:29:57+00:00\",\"breadcrumb\":{\"@id\":\"https:\/\/escale-rhum.ch\/product\/extra-premium-cacao\/#breadcrumb\"},\"inLanguage\":\"de\",\"potentialAction\":[{\"@type\":\"ReadAction\",\"target\":[\"https:\/\/escale-rhum.ch\/product\/extra-premium-cacao\/\"]}]},{\"@type\":\"ImageObject\",\"inLanguage\":\"de\",\"@id\":\"https:\/\/escale-rhum.ch\/product\/extra-premium-cacao\/#primaryimage\",\"url\":\"https:\/\/escale-rhum.ch\/wp-content\/uploads\/2025\/09\/Cacao-Extra-Premium.jpg\",\"contentUrl\":\"https:\/\/escale-rhum.ch\/wp-content\/uploads\/2025\/09\/Cacao-Extra-Premium.jpg\",\"width\":1000,\"height\":1000},{\"@type\":\"BreadcrumbList\",\"@id\":\"https:\/\/escale-rhum.ch\/product\/extra-premium-cacao\/#breadcrumb\",\"itemListElement\":[{\"@type\":\"ListItem\",\"position\":1,\"name\":\"Accueil\",\"item\":\"https:\/\/escale-rhum.ch\/\"},{\"@type\":\"ListItem\",\"position\":2,\"name\":\"Nos rhums\",\"item\":\"http:\/\/escale-rhum.ch\/de\/nos-rhums\/\"},{\"@type\":\"ListItem\",\"position\":3,\"name\":\"Saint Aubin &#8211; Extra Premium \u00ab\u00a0Cacao\u00a0\u00bb\"}]},{\"@type\":\"WebSite\",\"@id\":\"http:\/\/escale-rhum.ch\/de\/#website\",\"url\":\"http:\/\/escale-rhum.ch\/de\/\",\"name\":\"Escale Rhum\",\"description\":\"Voyagez \u00e0 travers les saveurs authentiques de l\u2019\u00eele Maurice.\",\"publisher\":{\"@id\":\"http:\/\/escale-rhum.ch\/de\/#organization\"},\"alternateName\":\"escale-rhum.ch\",\"potentialAction\":[{\"@type\":\"SearchAction\",\"target\":{\"@type\":\"EntryPoint\",\"urlTemplate\":\"http:\/\/escale-rhum.ch\/de\/?s={search_term_string}\"},\"query-input\":{\"@type\":\"PropertyValueSpecification\",\"valueRequired\":true,\"valueName\":\"search_term_string\"}}],\"inLanguage\":\"de\"},{\"@type\":\"Organization\",\"@id\":\"http:\/\/escale-rhum.ch\/de\/#organization\",\"name\":\"Escale Rhum\",\"alternateName\":\"escale-rhum.ch\",\"url\":\"http:\/\/escale-rhum.ch\/de\/\",\"logo\":{\"@type\":\"ImageObject\",\"inLanguage\":\"de\",\"@id\":\"http:\/\/escale-rhum.ch\/de\/#\/schema\/logo\/image\/\",\"url\":\"https:\/\/escale-rhum.ch\/wp-content\/uploads\/2025\/09\/Logo-Version-Final-Logo-Rhum-et-Sens-4.png\",\"contentUrl\":\"https:\/\/escale-rhum.ch\/wp-content\/uploads\/2025\/09\/Logo-Version-Final-Logo-Rhum-et-Sens-4.png\",\"width\":500,\"height\":500,\"caption\":\"Escale Rhum\"},\"image\":{\"@id\":\"http:\/\/escale-rhum.ch\/de\/#\/schema\/logo\/image\/\"},\"sameAs\":[\"https:\/\/www.facebook.com\/profile.php?id=61579168031030\"]}]}<\/script>\n<!-- \/ Yoast SEO plugin. -->","yoast_head_json":{"title":"Saint Aubin - Extra Premium \"Cacao\" - EscaleRhum.ch","robots":{"index":"index","follow":"follow","max-snippet":"max-snippet:-1","max-image-preview":"max-image-preview:large","max-video-preview":"max-video-preview:-1"},"canonical":"https:\/\/escale-rhum.ch\/de\/product\/extra-premium-cacao\/","og_locale":"de_DE","og_type":"article","og_title":"Saint Aubin - Extra Premium \"Cacao\" - EscaleRhum.ch","og_description":"Hommage au cacao mauricien, ce rhum exprime la gourmandise du chocolat noir m\u00eal\u00e9e \u00e0 la vivacit\u00e9 de la canne.","og_url":"https:\/\/escale-rhum.ch\/de\/product\/extra-premium-cacao\/","og_site_name":"EscaleRhum.ch","article_publisher":"https:\/\/www.facebook.com\/profile.php?id=61579168031030","article_modified_time":"2025-10-04T19:29:57+00:00","og_image":[{"width":1000,"height":1000,"url":"https:\/\/escale-rhum.ch\/wp-content\/uploads\/2025\/09\/Cacao-Extra-Premium.jpg","type":"image\/jpeg"}],"twitter_card":"summary_large_image","twitter_misc":{"Gesch\u00e4tzte Lesezeit":"1\u00a0Minute"},"schema":{"@context":"https:\/\/schema.org","@graph":[{"@type":"WebPage","@id":"https:\/\/escale-rhum.ch\/product\/extra-premium-cacao\/","url":"https:\/\/escale-rhum.ch\/product\/extra-premium-cacao\/","name":"Saint Aubin - Extra Premium \"Cacao\" - EscaleRhum.ch","isPartOf":{"@id":"http:\/\/escale-rhum.ch\/de\/#website"},"primaryImageOfPage":{"@id":"https:\/\/escale-rhum.ch\/product\/extra-premium-cacao\/#primaryimage"},"image":{"@id":"https:\/\/escale-rhum.ch\/product\/extra-premium-cacao\/#primaryimage"},"thumbnailUrl":"https:\/\/escale-rhum.ch\/wp-content\/uploads\/2025\/09\/Cacao-Extra-Premium.jpg","datePublished":"2025-09-08T12:28:32+00:00","dateModified":"2025-10-04T19:29:57+00:00","breadcrumb":{"@id":"https:\/\/escale-rhum.ch\/product\/extra-premium-cacao\/#breadcrumb"},"inLanguage":"de","potentialAction":[{"@type":"ReadAction","target":["https:\/\/escale-rhum.ch\/product\/extra-premium-cacao\/"]}]},{"@type":"ImageObject","inLanguage":"de","@id":"https:\/\/escale-rhum.ch\/product\/extra-premium-cacao\/#primaryimage","url":"https:\/\/escale-rhum.ch\/wp-content\/uploads\/2025\/09\/Cacao-Extra-Premium.jpg","contentUrl":"https:\/\/escale-rhum.ch\/wp-content\/uploads\/2025\/09\/Cacao-Extra-Premium.jpg","width":1000,"height":1000},{"@type":"BreadcrumbList","@id":"https:\/\/escale-rhum.ch\/product\/extra-premium-cacao\/#breadcrumb","itemListElement":[{"@type":"ListItem","position":1,"name":"Accueil","item":"https:\/\/escale-rhum.ch\/"},{"@type":"ListItem","position":2,"name":"Nos rhums","item":"http:\/\/escale-rhum.ch\/de\/nos-rhums\/"},{"@type":"ListItem","position":3,"name":"Saint Aubin &#8211; Extra Premium \u00ab\u00a0Cacao\u00a0\u00bb"}]},{"@type":"WebSite","@id":"http:\/\/escale-rhum.ch\/de\/#website","url":"http:\/\/escale-rhum.ch\/de\/","name":"Escale Rhum","description":"Voyagez \u00e0 travers les saveurs authentiques de l\u2019\u00eele Maurice.","publisher":{"@id":"http:\/\/escale-rhum.ch\/de\/#organization"},"alternateName":"escale-rhum.ch","potentialAction":[{"@type":"SearchAction","target":{"@type":"EntryPoint","urlTemplate":"http:\/\/escale-rhum.ch\/de\/?s={search_term_string}"},"query-input":{"@type":"PropertyValueSpecification","valueRequired":true,"valueName":"search_term_string"}}],"inLanguage":"de"},{"@type":"Organization","@id":"http:\/\/escale-rhum.ch\/de\/#organization","name":"Escale Rhum","alternateName":"escale-rhum.ch","url":"http:\/\/escale-rhum.ch\/de\/","logo":{"@type":"ImageObject","inLanguage":"de","@id":"http:\/\/escale-rhum.ch\/de\/#\/schema\/logo\/image\/","url":"https:\/\/escale-rhum.ch\/wp-content\/uploads\/2025\/09\/Logo-Version-Final-Logo-Rhum-et-Sens-4.png","contentUrl":"https:\/\/escale-rhum.ch\/wp-content\/uploads\/2025\/09\/Logo-Version-Final-Logo-Rhum-et-Sens-4.png","width":500,"height":500,"caption":"Escale Rhum"},"image":{"@id":"http:\/\/escale-rhum.ch\/de\/#\/schema\/logo\/image\/"},"sameAs":["https:\/\/www.facebook.com\/profile.php?id=61579168031030"]}]}},"jetpack_sharing_enabled":true,"_links":{"self":[{"href":"https:\/\/escale-rhum.ch\/de\/wp-json\/wp\/v2\/product\/1514","targetHints":{"allow":["GET"]}}],"collection":[{"href":"https:\/\/escale-rhum.ch\/de\/wp-json\/wp\/v2\/product"}],"about":[{"href":"https:\/\/escale-rhum.ch\/de\/wp-json\/wp\/v2\/types\/product"}],"replies":[{"embeddable":true,"href":"https:\/\/escale-rhum.ch\/de\/wp-json\/wp\/v2\/comments?post=1514"}],"wp:featuredmedia":[{"embeddable":true,"href":"https:\/\/escale-rhum.ch\/de\/wp-json\/wp\/v2\/media\/1515"}],"wp:attachment":[{"href":"https:\/\/escale-rhum.ch\/de\/wp-json\/wp\/v2\/media?parent=1514"}],"wp:term":[{"taxonomy":"product_brand","embeddable":true,"href":"https:\/\/escale-rhum.ch\/de\/wp-json\/wp\/v2\/product_brand?post=1514"},{"taxonomy":"product_cat","embeddable":true,"href":"https:\/\/escale-rhum.ch\/de\/wp-json\/wp\/v2\/product_cat?post=1514"},{"taxonomy":"product_tag","embeddable":true,"href":"https:\/\/escale-rhum.ch\/de\/wp-json\/wp\/v2\/product_tag?post=1514"}],"curies":[{"name":"wp","href":"https:\/\/api.w.org\/{rel}","templated":true}]}}