{"id":1528,"date":"2025-09-08T12:32:48","date_gmt":"2025-09-08T12:32:48","guid":{"rendered":"https:\/\/escale-rhum.ch\/?post_type=product&#038;p=1528"},"modified":"2025-10-05T11:42:59","modified_gmt":"2025-10-05T11:42:59","slug":"extra-premium-blanc-50","status":"publish","type":"product","link":"https:\/\/escale-rhum.ch\/de\/product\/extra-premium-blanc-50\/","title":{"rendered":"Saint Aubin &#8211; Extra Premium \u00ab\u00a0Rhum Blanc\u00a0\u00bb"},"content":{"rendered":"<h1 style=\"text-align: center;\">Saint Aubin Extra Premium \u00ab\u00a0Rhum blanc\u00a0\u00bb<\/h1>\n<h1 style=\"text-align: center;\"><i>La puissance ma\u00eetris\u00e9e<\/i><\/h1>\n<p>Geschichte im Glas<\/p>\n<p style=\"font-weight: 400;\">Voici un rhum agricole pur et intense, distill\u00e9 sur l\u2019\u00eele Maurice selon la tradition Saint Aubin. Cette version <strong>50\u00b0<\/strong>, issue du <strong>c\u0153ur de chauffe du pot still<\/strong>, r\u00e9v\u00e8le la puissance et la concentration aromatique de la canne fra\u00eeche. Sans vieillissement en f\u00fbt, il exprime toute la force et la puret\u00e9 de l\u2019\u00eele Maurice dans un style franc et g\u00e9n\u00e9reux.<\/p>\n<p>Sensorische Noten<\/p>\n<ul>\n<li><strong>Au nez : <\/strong>intense, notes v\u00e9g\u00e9tales de canne fra\u00eeche, l\u00e9g\u00e8re pointe d\u2019agrumes et herbes tropicales<\/li>\n<li><strong>En bouche : <\/strong>franc et \u00e9nergique, la puissance de l\u2019alcool est adoucie par la richesse naturelle de la canne<\/li>\n<li><strong>Finale : <\/strong>longue, chaude et enveloppante, r\u00e9v\u00e9lant la puret\u00e9 du distillat<\/li>\n<\/ul>\n<p>Verkostung &amp; Kombinationen<\/p>\n<ul>\n<li class=\"translation-block\"><b>Idealer Moment: <\/b><span style=\"font-weight: 400\">Aperitif, Mahlzeit, Digestif, pur, Cocktail<\/span><\/li>\n<li><strong>Accords mets : <\/strong>plats exotiques, curry, poisson grill\u00e9, volaille \u00e9pic\u00e9e\u00a0; fromage de ch\u00e8vre, \u00e0 p\u00e2te dure<\/li>\n<li><strong>Conseils de service\u00a0: <\/strong>conservation debout, \u00e0 l\u2019abri de la lumi\u00e8re et de l\u2019humidit\u00e9\u00a0; verre tulipe pour appr\u00e9cier l\u2019intensit\u00e9 aromatique<\/li>\n<\/ul>\n<p>Technisches Datenblatt<\/p>\n<ul>\n<li class=\"translation-block\"><b>Inhalt: <\/b><span style=\"font-weight: 400\">70 cl<\/span><\/li>\n<li><strong>Degr\u00e9 d\u2019alcool\u00a0: <\/strong>50% vol.<\/li>\n<li class=\"translation-block\"><b>Format: <\/b><span style=\"font-weight: 400\">Flasche<\/span><\/li>\n<li><strong>Produktreferenz: <\/strong>SAEXP-RB7050<\/li>\n<\/ul>","protected":false},"excerpt":{"rendered":"<p>Voici un rhum agricole pur et intense, distill\u00e9 sur l\u2019\u00eele Maurice selon la tradition Saint Aubin. Cette version 50\u00b0, issue du c\u0153ur de chauffe du pot still, r\u00e9v\u00e8le la puissance et la concentration aromatique de la canne fra\u00eeche.<\/p>","protected":false},"featured_media":1529,"comment_status":"open","ping_status":"closed","template":"","meta":[],"product_brand":[],"product_cat":[24],"product_tag":[],"class_list":{"0":"post-1528","1":"product","2":"type-product","3":"status-publish","4":"has-post-thumbnail","6":"product_cat-extra-premium","8":"first","9":"instock","10":"taxable","11":"shipping-taxable","12":"purchasable","13":"product-type-simple"},"yoast_head":"<!-- This site is optimized with the Yoast SEO plugin v26.0 - https:\/\/yoast.com\/wordpress\/plugins\/seo\/ -->\n<title>Saint Aubin - Extra Premium &quot;Rhum Blanc&quot; - EscaleRhum.ch<\/title>\n<meta name=\"robots\" content=\"index, follow, max-snippet:-1, max-image-preview:large, max-video-preview:-1\" \/>\n<link rel=\"canonical\" href=\"https:\/\/escale-rhum.ch\/de\/product\/extra-premium-blanc-50\/\" \/>\n<meta property=\"og:locale\" content=\"de_DE\" \/>\n<meta property=\"og:type\" content=\"article\" \/>\n<meta property=\"og:title\" content=\"Saint Aubin - Extra Premium &quot;Rhum Blanc&quot; - EscaleRhum.ch\" \/>\n<meta property=\"og:description\" content=\"Voici un rhum agricole pur et intense, distill\u00e9 sur l\u2019\u00eele Maurice selon la tradition Saint Aubin. Cette version 50\u00b0, issue du c\u0153ur de chauffe du pot still, r\u00e9v\u00e8le la puissance et la concentration aromatique de la canne fra\u00eeche.\" \/>\n<meta property=\"og:url\" content=\"https:\/\/escale-rhum.ch\/de\/product\/extra-premium-blanc-50\/\" \/>\n<meta property=\"og:site_name\" content=\"EscaleRhum.ch\" \/>\n<meta property=\"article:publisher\" content=\"https:\/\/www.facebook.com\/profile.php?id=61579168031030\" \/>\n<meta property=\"article:modified_time\" content=\"2025-10-05T11:42:59+00:00\" \/>\n<meta property=\"og:image\" content=\"https:\/\/escale-rhum.ch\/wp-content\/uploads\/2025\/09\/Extra-premium-Blanc-50.jpg\" \/>\n\t<meta property=\"og:image:width\" content=\"1000\" \/>\n\t<meta property=\"og:image:height\" content=\"1000\" \/>\n\t<meta property=\"og:image:type\" content=\"image\/jpeg\" \/>\n<meta name=\"twitter:card\" content=\"summary_large_image\" \/>\n<meta name=\"twitter:label1\" content=\"Gesch\u00e4tzte Lesezeit\" \/>\n\t<meta name=\"twitter:data1\" content=\"2\u00a0Minuten\" \/>\n<script type=\"application\/ld+json\" class=\"yoast-schema-graph\">{\"@context\":\"https:\/\/schema.org\",\"@graph\":[{\"@type\":\"WebPage\",\"@id\":\"https:\/\/escale-rhum.ch\/product\/extra-premium-blanc-50\/\",\"url\":\"https:\/\/escale-rhum.ch\/product\/extra-premium-blanc-50\/\",\"name\":\"Saint Aubin - Extra Premium \\\"Rhum Blanc\\\" - EscaleRhum.ch\",\"isPartOf\":{\"@id\":\"http:\/\/escale-rhum.ch\/de\/#website\"},\"primaryImageOfPage\":{\"@id\":\"https:\/\/escale-rhum.ch\/product\/extra-premium-blanc-50\/#primaryimage\"},\"image\":{\"@id\":\"https:\/\/escale-rhum.ch\/product\/extra-premium-blanc-50\/#primaryimage\"},\"thumbnailUrl\":\"https:\/\/escale-rhum.ch\/wp-content\/uploads\/2025\/09\/Extra-premium-Blanc-50.jpg\",\"datePublished\":\"2025-09-08T12:32:48+00:00\",\"dateModified\":\"2025-10-05T11:42:59+00:00\",\"breadcrumb\":{\"@id\":\"https:\/\/escale-rhum.ch\/product\/extra-premium-blanc-50\/#breadcrumb\"},\"inLanguage\":\"de\",\"potentialAction\":[{\"@type\":\"ReadAction\",\"target\":[\"https:\/\/escale-rhum.ch\/product\/extra-premium-blanc-50\/\"]}]},{\"@type\":\"ImageObject\",\"inLanguage\":\"de\",\"@id\":\"https:\/\/escale-rhum.ch\/product\/extra-premium-blanc-50\/#primaryimage\",\"url\":\"https:\/\/escale-rhum.ch\/wp-content\/uploads\/2025\/09\/Extra-premium-Blanc-50.jpg\",\"contentUrl\":\"https:\/\/escale-rhum.ch\/wp-content\/uploads\/2025\/09\/Extra-premium-Blanc-50.jpg\",\"width\":1000,\"height\":1000},{\"@type\":\"BreadcrumbList\",\"@id\":\"https:\/\/escale-rhum.ch\/product\/extra-premium-blanc-50\/#breadcrumb\",\"itemListElement\":[{\"@type\":\"ListItem\",\"position\":1,\"name\":\"Accueil\",\"item\":\"https:\/\/escale-rhum.ch\/\"},{\"@type\":\"ListItem\",\"position\":2,\"name\":\"Nos rhums\",\"item\":\"http:\/\/escale-rhum.ch\/de\/nos-rhums\/\"},{\"@type\":\"ListItem\",\"position\":3,\"name\":\"Saint Aubin &#8211; Extra Premium \u00ab\u00a0Rhum Blanc\u00a0\u00bb\"}]},{\"@type\":\"WebSite\",\"@id\":\"http:\/\/escale-rhum.ch\/de\/#website\",\"url\":\"http:\/\/escale-rhum.ch\/de\/\",\"name\":\"Escale Rhum\",\"description\":\"Voyagez \u00e0 travers les saveurs authentiques de l\u2019\u00eele Maurice.\",\"publisher\":{\"@id\":\"http:\/\/escale-rhum.ch\/de\/#organization\"},\"alternateName\":\"escale-rhum.ch\",\"potentialAction\":[{\"@type\":\"SearchAction\",\"target\":{\"@type\":\"EntryPoint\",\"urlTemplate\":\"http:\/\/escale-rhum.ch\/de\/?s={search_term_string}\"},\"query-input\":{\"@type\":\"PropertyValueSpecification\",\"valueRequired\":true,\"valueName\":\"search_term_string\"}}],\"inLanguage\":\"de\"},{\"@type\":\"Organization\",\"@id\":\"http:\/\/escale-rhum.ch\/de\/#organization\",\"name\":\"Escale Rhum\",\"alternateName\":\"escale-rhum.ch\",\"url\":\"http:\/\/escale-rhum.ch\/de\/\",\"logo\":{\"@type\":\"ImageObject\",\"inLanguage\":\"de\",\"@id\":\"http:\/\/escale-rhum.ch\/de\/#\/schema\/logo\/image\/\",\"url\":\"https:\/\/escale-rhum.ch\/wp-content\/uploads\/2025\/09\/Logo-Version-Final-Logo-Rhum-et-Sens-4.png\",\"contentUrl\":\"https:\/\/escale-rhum.ch\/wp-content\/uploads\/2025\/09\/Logo-Version-Final-Logo-Rhum-et-Sens-4.png\",\"width\":500,\"height\":500,\"caption\":\"Escale Rhum\"},\"image\":{\"@id\":\"http:\/\/escale-rhum.ch\/de\/#\/schema\/logo\/image\/\"},\"sameAs\":[\"https:\/\/www.facebook.com\/profile.php?id=61579168031030\"]}]}<\/script>\n<!-- \/ Yoast SEO plugin. -->","yoast_head_json":{"title":"Saint Aubin - Extra Premium \"Rhum Blanc\" - EscaleRhum.ch","robots":{"index":"index","follow":"follow","max-snippet":"max-snippet:-1","max-image-preview":"max-image-preview:large","max-video-preview":"max-video-preview:-1"},"canonical":"https:\/\/escale-rhum.ch\/de\/product\/extra-premium-blanc-50\/","og_locale":"de_DE","og_type":"article","og_title":"Saint Aubin - Extra Premium \"Rhum Blanc\" - EscaleRhum.ch","og_description":"Voici un rhum agricole pur et intense, distill\u00e9 sur l\u2019\u00eele Maurice selon la tradition Saint Aubin. Cette version 50\u00b0, issue du c\u0153ur de chauffe du pot still, r\u00e9v\u00e8le la puissance et la concentration aromatique de la canne fra\u00eeche.","og_url":"https:\/\/escale-rhum.ch\/de\/product\/extra-premium-blanc-50\/","og_site_name":"EscaleRhum.ch","article_publisher":"https:\/\/www.facebook.com\/profile.php?id=61579168031030","article_modified_time":"2025-10-05T11:42:59+00:00","og_image":[{"width":1000,"height":1000,"url":"https:\/\/escale-rhum.ch\/wp-content\/uploads\/2025\/09\/Extra-premium-Blanc-50.jpg","type":"image\/jpeg"}],"twitter_card":"summary_large_image","twitter_misc":{"Gesch\u00e4tzte Lesezeit":"2\u00a0Minuten"},"schema":{"@context":"https:\/\/schema.org","@graph":[{"@type":"WebPage","@id":"https:\/\/escale-rhum.ch\/product\/extra-premium-blanc-50\/","url":"https:\/\/escale-rhum.ch\/product\/extra-premium-blanc-50\/","name":"Saint Aubin - Extra Premium \"Rhum Blanc\" - EscaleRhum.ch","isPartOf":{"@id":"http:\/\/escale-rhum.ch\/de\/#website"},"primaryImageOfPage":{"@id":"https:\/\/escale-rhum.ch\/product\/extra-premium-blanc-50\/#primaryimage"},"image":{"@id":"https:\/\/escale-rhum.ch\/product\/extra-premium-blanc-50\/#primaryimage"},"thumbnailUrl":"https:\/\/escale-rhum.ch\/wp-content\/uploads\/2025\/09\/Extra-premium-Blanc-50.jpg","datePublished":"2025-09-08T12:32:48+00:00","dateModified":"2025-10-05T11:42:59+00:00","breadcrumb":{"@id":"https:\/\/escale-rhum.ch\/product\/extra-premium-blanc-50\/#breadcrumb"},"inLanguage":"de","potentialAction":[{"@type":"ReadAction","target":["https:\/\/escale-rhum.ch\/product\/extra-premium-blanc-50\/"]}]},{"@type":"ImageObject","inLanguage":"de","@id":"https:\/\/escale-rhum.ch\/product\/extra-premium-blanc-50\/#primaryimage","url":"https:\/\/escale-rhum.ch\/wp-content\/uploads\/2025\/09\/Extra-premium-Blanc-50.jpg","contentUrl":"https:\/\/escale-rhum.ch\/wp-content\/uploads\/2025\/09\/Extra-premium-Blanc-50.jpg","width":1000,"height":1000},{"@type":"BreadcrumbList","@id":"https:\/\/escale-rhum.ch\/product\/extra-premium-blanc-50\/#breadcrumb","itemListElement":[{"@type":"ListItem","position":1,"name":"Accueil","item":"https:\/\/escale-rhum.ch\/"},{"@type":"ListItem","position":2,"name":"Nos rhums","item":"http:\/\/escale-rhum.ch\/de\/nos-rhums\/"},{"@type":"ListItem","position":3,"name":"Saint Aubin &#8211; Extra Premium \u00ab\u00a0Rhum Blanc\u00a0\u00bb"}]},{"@type":"WebSite","@id":"http:\/\/escale-rhum.ch\/de\/#website","url":"http:\/\/escale-rhum.ch\/de\/","name":"Escale Rhum","description":"Voyagez \u00e0 travers les saveurs authentiques de l\u2019\u00eele Maurice.","publisher":{"@id":"http:\/\/escale-rhum.ch\/de\/#organization"},"alternateName":"escale-rhum.ch","potentialAction":[{"@type":"SearchAction","target":{"@type":"EntryPoint","urlTemplate":"http:\/\/escale-rhum.ch\/de\/?s={search_term_string}"},"query-input":{"@type":"PropertyValueSpecification","valueRequired":true,"valueName":"search_term_string"}}],"inLanguage":"de"},{"@type":"Organization","@id":"http:\/\/escale-rhum.ch\/de\/#organization","name":"Escale Rhum","alternateName":"escale-rhum.ch","url":"http:\/\/escale-rhum.ch\/de\/","logo":{"@type":"ImageObject","inLanguage":"de","@id":"http:\/\/escale-rhum.ch\/de\/#\/schema\/logo\/image\/","url":"https:\/\/escale-rhum.ch\/wp-content\/uploads\/2025\/09\/Logo-Version-Final-Logo-Rhum-et-Sens-4.png","contentUrl":"https:\/\/escale-rhum.ch\/wp-content\/uploads\/2025\/09\/Logo-Version-Final-Logo-Rhum-et-Sens-4.png","width":500,"height":500,"caption":"Escale Rhum"},"image":{"@id":"http:\/\/escale-rhum.ch\/de\/#\/schema\/logo\/image\/"},"sameAs":["https:\/\/www.facebook.com\/profile.php?id=61579168031030"]}]}},"jetpack_sharing_enabled":true,"_links":{"self":[{"href":"https:\/\/escale-rhum.ch\/de\/wp-json\/wp\/v2\/product\/1528","targetHints":{"allow":["GET"]}}],"collection":[{"href":"https:\/\/escale-rhum.ch\/de\/wp-json\/wp\/v2\/product"}],"about":[{"href":"https:\/\/escale-rhum.ch\/de\/wp-json\/wp\/v2\/types\/product"}],"replies":[{"embeddable":true,"href":"https:\/\/escale-rhum.ch\/de\/wp-json\/wp\/v2\/comments?post=1528"}],"wp:featuredmedia":[{"embeddable":true,"href":"https:\/\/escale-rhum.ch\/de\/wp-json\/wp\/v2\/media\/1529"}],"wp:attachment":[{"href":"https:\/\/escale-rhum.ch\/de\/wp-json\/wp\/v2\/media?parent=1528"}],"wp:term":[{"taxonomy":"product_brand","embeddable":true,"href":"https:\/\/escale-rhum.ch\/de\/wp-json\/wp\/v2\/product_brand?post=1528"},{"taxonomy":"product_cat","embeddable":true,"href":"https:\/\/escale-rhum.ch\/de\/wp-json\/wp\/v2\/product_cat?post=1528"},{"taxonomy":"product_tag","embeddable":true,"href":"https:\/\/escale-rhum.ch\/de\/wp-json\/wp\/v2\/product_tag?post=1528"}],"curies":[{"name":"wp","href":"https:\/\/api.w.org\/{rel}","templated":true}]}}