{"id":1532,"date":"2025-09-08T12:34:19","date_gmt":"2025-09-08T12:34:19","guid":{"rendered":"https:\/\/escale-rhum.ch\/?post_type=product&#038;p=1532"},"modified":"2025-10-04T19:14:58","modified_gmt":"2025-10-04T19:14:58","slug":"roasted-caramel-classic-spirits","status":"publish","type":"product","link":"https:\/\/escale-rhum.ch\/de\/product\/roasted-caramel-classic-spirits\/","title":{"rendered":"Saint Aubin &#8211; Classic Spirit \u00ab\u00a0Salted Caramel\u00a0\u00bb"},"content":{"rendered":"<h1 style=\"text-align: center;\"><b>Saint Aubin Classic spirit \u00ab\u00a0Caramel Sal\u00e9\u00a0\u00bb<\/b><\/h1>\n<h1 style=\"text-align: center;\"><b><i>Das Handwerk der Feinschmecker<\/i><\/b><\/h1>\n<p><b>Geschichte im Glas<\/b><\/p>\n<p class=\"translation-block\"><span style=\"font-weight: 400\">Hergestellt durch eine <\/span><b>kontrollierte Destillation in Kolonnen<\/b><span style=\"font-weight: 400\"> mit einem Alkoholgehalt von <\/span><b>35 % vol. <\/b><span style=\"font-weight: 400\">, vereint diese Spirituose Caramel Sal\u00e9 die F\u00fclle des mauritischen Zuckerrohrs mit der cremigen S\u00fc\u00dfe von Karamell und feinem Salz und bietet ein <\/span><b>einzigartiges und warmes Erlebnis<\/b><span style=\"font-weight: 400\">. Handwerklich hergestellt und k\u00f6stlich, verwandelt sie jeden Schluck in einen Moment des einfachen und raffinierten Genusses.<\/p>\n<p><b>Sensorische Noten<\/b><\/p>\n<ul>\n<li aria-level=\"1\" class=\"translation-block\"><b>In der Nase: <\/b><span style=\"font-weight: 400\">hei\u00dfes Karamell, zerlaufene Butter, subtil gesalzener brauner Zucker<\/span><\/li>\n<\/ul>\n<ul>\n<li aria-level=\"1\" class=\"translation-block\"><b>Am Gaumen: <\/b><span style=\"font-weight: 400\">cremige, runde und umh\u00fcllende Textur, k\u00f6stliche Karamellnoten<\/span><\/li>\n<\/ul>\n<ul>\n<li aria-level=\"1\" class=\"translation-block\"><b>Abgang: <\/b><span style=\"font-weight: 400\">anhaltend, leicht s\u00fc\u00dflich, wie eine S\u00fc\u00dfigkeit, die man langsam genie\u00dfen sollte<\/span><\/li>\n<\/ul>\n<p><b>Verkostung &amp; Kombinationen<\/b><\/p>\n<ul>\n<li aria-level=\"1\" class=\"translation-block\"><b>Idealer Zeitpunkt: <\/b><span style=\"font-weight: 400\">Aperitif, Digestif, pur, Cocktail<\/span><\/li>\n<\/ul>\n<ul>\n<li aria-level=\"1\" class=\"translation-block\"><b>Passende Speisen zu Zigarren: <\/b><span style=\"font-weight: 400\">Torten, Cr\u00eapes, Brownies, kreative Verwendung in Saucen<\/span><\/li>\n<\/ul>\n<ul>\n<li aria-level=\"1\" class=\"translation-block\"><b>Serviertipps: <\/b><span style=\"font-weight: 400\">kleines Tulpenglas, um seinen puren Genuss zu genie\u00dfen<\/span><\/li>\n<\/ul>\n<p><b>Technisches Datenblatt<\/b><\/p>\n<ul>\n<li aria-level=\"1\" class=\"translation-block\"><b>Inhalt: <\/b><span style=\"font-weight: 400\">50 cl<\/span><\/li>\n<\/ul>\n<ul>\n<li aria-level=\"1\" class=\"translation-block\"><b>Alkoholgehalt: <\/b><span style=\"font-weight: 400\">35 % vol.<\/span><\/li>\n<\/ul>\n<ul>\n<li aria-level=\"1\" class=\"translation-block\"><b>Format: <\/b><span style=\"font-weight: 400\">Flasche<\/span><\/li>\n<\/ul>\n<p><b><\/b><b>Produktreferenz: <\/b><span style=\"font-weight: 400;\">SACS_CS5035<\/span><\/p>","protected":false},"excerpt":{"rendered":"<p class=\"translation-block\">Der <strong data-start=\"\u201e3\u201c\" data-end=\"\u201e48\u201c\">Spiritueux Caramel Sal\u00e9 35 % vol. \u2013 50 cl<\/strong> verbindet mauritisches Zuckerrohr mit der S\u00fc\u00dfe von Karamell und einer Prise feinem Salz zu einem warmen und originellen Geschmackserlebnis. Dieser k\u00f6stliche und raffinierte Lik\u00f6r besticht durch seine einzigartige Ausgewogenheit und eignet sich ideal zum puren Genuss oder f\u00fcr kreative Cocktails.<\/p>","protected":false},"featured_media":1537,"comment_status":"open","ping_status":"closed","template":"","meta":[],"product_brand":[],"product_cat":[26],"product_tag":[],"class_list":{"0":"post-1532","1":"product","2":"type-product","3":"status-publish","4":"has-post-thumbnail","6":"product_cat-classique-spirits","8":"first","9":"instock","10":"taxable","11":"shipping-taxable","12":"purchasable","13":"product-type-simple"},"yoast_head":"<!-- This site is optimized with the Yoast SEO plugin v26.0 - https:\/\/yoast.com\/wordpress\/plugins\/seo\/ -->\n<title>Saint Aubin - Classic Spirit &quot;Salted Caramel&quot; - EscaleRhum.ch<\/title>\n<meta name=\"robots\" content=\"index, follow, max-snippet:-1, max-image-preview:large, max-video-preview:-1\" \/>\n<link rel=\"canonical\" href=\"https:\/\/escale-rhum.ch\/de\/product\/roasted-caramel-classic-spirits\/\" \/>\n<meta property=\"og:locale\" content=\"de_DE\" \/>\n<meta property=\"og:type\" content=\"article\" \/>\n<meta property=\"og:title\" content=\"Saint Aubin - Classic Spirit &quot;Salted Caramel&quot; - EscaleRhum.ch\" \/>\n<meta property=\"og:description\" content=\"Le Spiritueux Caramel Sal\u00e9 35 % vol. \u2013 50 cl associe la canne mauricienne \u00e0 la douceur du caramel et \u00e0 une pointe de sel fin pour une exp\u00e9rience chaleureuse et originale. Gourmand et raffin\u00e9, il s\u00e9duit par son \u00e9quilibre unique, id\u00e9al en d\u00e9gustation pure ou en cocktails cr\u00e9atifs.\" \/>\n<meta property=\"og:url\" content=\"https:\/\/escale-rhum.ch\/de\/product\/roasted-caramel-classic-spirits\/\" \/>\n<meta property=\"og:site_name\" content=\"EscaleRhum.ch\" \/>\n<meta property=\"article:publisher\" content=\"https:\/\/www.facebook.com\/profile.php?id=61579168031030\" \/>\n<meta property=\"article:modified_time\" content=\"2025-10-04T19:14:58+00:00\" \/>\n<meta property=\"og:image\" content=\"https:\/\/escale-rhum.ch\/wp-content\/uploads\/2025\/09\/salted-Caramel.jpg\" \/>\n\t<meta property=\"og:image:width\" content=\"1000\" \/>\n\t<meta property=\"og:image:height\" content=\"1000\" \/>\n\t<meta property=\"og:image:type\" content=\"image\/jpeg\" \/>\n<meta name=\"twitter:card\" content=\"summary_large_image\" \/>\n<meta name=\"twitter:label1\" content=\"Gesch\u00e4tzte Lesezeit\" \/>\n\t<meta name=\"twitter:data1\" content=\"1\u00a0Minute\" \/>\n<script type=\"application\/ld+json\" class=\"yoast-schema-graph\">{\"@context\":\"https:\/\/schema.org\",\"@graph\":[{\"@type\":\"WebPage\",\"@id\":\"https:\/\/escale-rhum.ch\/product\/roasted-caramel-classic-spirits\/\",\"url\":\"https:\/\/escale-rhum.ch\/product\/roasted-caramel-classic-spirits\/\",\"name\":\"Saint Aubin - Classic Spirit \\\"Salted Caramel\\\" - EscaleRhum.ch\",\"isPartOf\":{\"@id\":\"http:\/\/escale-rhum.ch\/de\/#website\"},\"primaryImageOfPage\":{\"@id\":\"https:\/\/escale-rhum.ch\/product\/roasted-caramel-classic-spirits\/#primaryimage\"},\"image\":{\"@id\":\"https:\/\/escale-rhum.ch\/product\/roasted-caramel-classic-spirits\/#primaryimage\"},\"thumbnailUrl\":\"https:\/\/escale-rhum.ch\/wp-content\/uploads\/2025\/09\/salted-Caramel.jpg\",\"datePublished\":\"2025-09-08T12:34:19+00:00\",\"dateModified\":\"2025-10-04T19:14:58+00:00\",\"breadcrumb\":{\"@id\":\"https:\/\/escale-rhum.ch\/product\/roasted-caramel-classic-spirits\/#breadcrumb\"},\"inLanguage\":\"de\",\"potentialAction\":[{\"@type\":\"ReadAction\",\"target\":[\"https:\/\/escale-rhum.ch\/product\/roasted-caramel-classic-spirits\/\"]}]},{\"@type\":\"ImageObject\",\"inLanguage\":\"de\",\"@id\":\"https:\/\/escale-rhum.ch\/product\/roasted-caramel-classic-spirits\/#primaryimage\",\"url\":\"https:\/\/escale-rhum.ch\/wp-content\/uploads\/2025\/09\/salted-Caramel.jpg\",\"contentUrl\":\"https:\/\/escale-rhum.ch\/wp-content\/uploads\/2025\/09\/salted-Caramel.jpg\",\"width\":1000,\"height\":1000},{\"@type\":\"BreadcrumbList\",\"@id\":\"https:\/\/escale-rhum.ch\/product\/roasted-caramel-classic-spirits\/#breadcrumb\",\"itemListElement\":[{\"@type\":\"ListItem\",\"position\":1,\"name\":\"Accueil\",\"item\":\"https:\/\/escale-rhum.ch\/\"},{\"@type\":\"ListItem\",\"position\":2,\"name\":\"Nos rhums\",\"item\":\"http:\/\/escale-rhum.ch\/de\/nos-rhums\/\"},{\"@type\":\"ListItem\",\"position\":3,\"name\":\"Saint Aubin &#8211; Classic Spirit \u00ab\u00a0Salted Caramel\u00a0\u00bb\"}]},{\"@type\":\"WebSite\",\"@id\":\"http:\/\/escale-rhum.ch\/de\/#website\",\"url\":\"http:\/\/escale-rhum.ch\/de\/\",\"name\":\"Escale Rhum\",\"description\":\"Voyagez \u00e0 travers les saveurs authentiques de l\u2019\u00eele Maurice.\",\"publisher\":{\"@id\":\"http:\/\/escale-rhum.ch\/de\/#organization\"},\"alternateName\":\"escale-rhum.ch\",\"potentialAction\":[{\"@type\":\"SearchAction\",\"target\":{\"@type\":\"EntryPoint\",\"urlTemplate\":\"http:\/\/escale-rhum.ch\/de\/?s={search_term_string}\"},\"query-input\":{\"@type\":\"PropertyValueSpecification\",\"valueRequired\":true,\"valueName\":\"search_term_string\"}}],\"inLanguage\":\"de\"},{\"@type\":\"Organization\",\"@id\":\"http:\/\/escale-rhum.ch\/de\/#organization\",\"name\":\"Escale Rhum\",\"alternateName\":\"escale-rhum.ch\",\"url\":\"http:\/\/escale-rhum.ch\/de\/\",\"logo\":{\"@type\":\"ImageObject\",\"inLanguage\":\"de\",\"@id\":\"http:\/\/escale-rhum.ch\/de\/#\/schema\/logo\/image\/\",\"url\":\"https:\/\/escale-rhum.ch\/wp-content\/uploads\/2025\/09\/Logo-Version-Final-Logo-Rhum-et-Sens-4.png\",\"contentUrl\":\"https:\/\/escale-rhum.ch\/wp-content\/uploads\/2025\/09\/Logo-Version-Final-Logo-Rhum-et-Sens-4.png\",\"width\":500,\"height\":500,\"caption\":\"Escale Rhum\"},\"image\":{\"@id\":\"http:\/\/escale-rhum.ch\/de\/#\/schema\/logo\/image\/\"},\"sameAs\":[\"https:\/\/www.facebook.com\/profile.php?id=61579168031030\"]}]}<\/script>\n<!-- \/ Yoast SEO plugin. -->","yoast_head_json":{"title":"Saint Aubin - Classic Spirit \"Salted Caramel\" - EscaleRhum.ch","robots":{"index":"index","follow":"follow","max-snippet":"max-snippet:-1","max-image-preview":"max-image-preview:large","max-video-preview":"max-video-preview:-1"},"canonical":"https:\/\/escale-rhum.ch\/de\/product\/roasted-caramel-classic-spirits\/","og_locale":"de_DE","og_type":"article","og_title":"Saint Aubin - Classic Spirit \"Salted Caramel\" - EscaleRhum.ch","og_description":"Le Spiritueux Caramel Sal\u00e9 35 % vol. \u2013 50 cl associe la canne mauricienne \u00e0 la douceur du caramel et \u00e0 une pointe de sel fin pour une exp\u00e9rience chaleureuse et originale. Gourmand et raffin\u00e9, il s\u00e9duit par son \u00e9quilibre unique, id\u00e9al en d\u00e9gustation pure ou en cocktails cr\u00e9atifs.","og_url":"https:\/\/escale-rhum.ch\/de\/product\/roasted-caramel-classic-spirits\/","og_site_name":"EscaleRhum.ch","article_publisher":"https:\/\/www.facebook.com\/profile.php?id=61579168031030","article_modified_time":"2025-10-04T19:14:58+00:00","og_image":[{"width":1000,"height":1000,"url":"https:\/\/escale-rhum.ch\/wp-content\/uploads\/2025\/09\/salted-Caramel.jpg","type":"image\/jpeg"}],"twitter_card":"summary_large_image","twitter_misc":{"Gesch\u00e4tzte Lesezeit":"1\u00a0Minute"},"schema":{"@context":"https:\/\/schema.org","@graph":[{"@type":"WebPage","@id":"https:\/\/escale-rhum.ch\/product\/roasted-caramel-classic-spirits\/","url":"https:\/\/escale-rhum.ch\/product\/roasted-caramel-classic-spirits\/","name":"Saint Aubin - Classic Spirit \"Salted Caramel\" - EscaleRhum.ch","isPartOf":{"@id":"http:\/\/escale-rhum.ch\/de\/#website"},"primaryImageOfPage":{"@id":"https:\/\/escale-rhum.ch\/product\/roasted-caramel-classic-spirits\/#primaryimage"},"image":{"@id":"https:\/\/escale-rhum.ch\/product\/roasted-caramel-classic-spirits\/#primaryimage"},"thumbnailUrl":"https:\/\/escale-rhum.ch\/wp-content\/uploads\/2025\/09\/salted-Caramel.jpg","datePublished":"2025-09-08T12:34:19+00:00","dateModified":"2025-10-04T19:14:58+00:00","breadcrumb":{"@id":"https:\/\/escale-rhum.ch\/product\/roasted-caramel-classic-spirits\/#breadcrumb"},"inLanguage":"de","potentialAction":[{"@type":"ReadAction","target":["https:\/\/escale-rhum.ch\/product\/roasted-caramel-classic-spirits\/"]}]},{"@type":"ImageObject","inLanguage":"de","@id":"https:\/\/escale-rhum.ch\/product\/roasted-caramel-classic-spirits\/#primaryimage","url":"https:\/\/escale-rhum.ch\/wp-content\/uploads\/2025\/09\/salted-Caramel.jpg","contentUrl":"https:\/\/escale-rhum.ch\/wp-content\/uploads\/2025\/09\/salted-Caramel.jpg","width":1000,"height":1000},{"@type":"BreadcrumbList","@id":"https:\/\/escale-rhum.ch\/product\/roasted-caramel-classic-spirits\/#breadcrumb","itemListElement":[{"@type":"ListItem","position":1,"name":"Accueil","item":"https:\/\/escale-rhum.ch\/"},{"@type":"ListItem","position":2,"name":"Nos rhums","item":"http:\/\/escale-rhum.ch\/de\/nos-rhums\/"},{"@type":"ListItem","position":3,"name":"Saint Aubin &#8211; Classic Spirit \u00ab\u00a0Salted Caramel\u00a0\u00bb"}]},{"@type":"WebSite","@id":"http:\/\/escale-rhum.ch\/de\/#website","url":"http:\/\/escale-rhum.ch\/de\/","name":"Escale Rhum","description":"Voyagez \u00e0 travers les saveurs authentiques de l\u2019\u00eele Maurice.","publisher":{"@id":"http:\/\/escale-rhum.ch\/de\/#organization"},"alternateName":"escale-rhum.ch","potentialAction":[{"@type":"SearchAction","target":{"@type":"EntryPoint","urlTemplate":"http:\/\/escale-rhum.ch\/de\/?s={search_term_string}"},"query-input":{"@type":"PropertyValueSpecification","valueRequired":true,"valueName":"search_term_string"}}],"inLanguage":"de"},{"@type":"Organization","@id":"http:\/\/escale-rhum.ch\/de\/#organization","name":"Escale Rhum","alternateName":"escale-rhum.ch","url":"http:\/\/escale-rhum.ch\/de\/","logo":{"@type":"ImageObject","inLanguage":"de","@id":"http:\/\/escale-rhum.ch\/de\/#\/schema\/logo\/image\/","url":"https:\/\/escale-rhum.ch\/wp-content\/uploads\/2025\/09\/Logo-Version-Final-Logo-Rhum-et-Sens-4.png","contentUrl":"https:\/\/escale-rhum.ch\/wp-content\/uploads\/2025\/09\/Logo-Version-Final-Logo-Rhum-et-Sens-4.png","width":500,"height":500,"caption":"Escale Rhum"},"image":{"@id":"http:\/\/escale-rhum.ch\/de\/#\/schema\/logo\/image\/"},"sameAs":["https:\/\/www.facebook.com\/profile.php?id=61579168031030"]}]}},"jetpack_sharing_enabled":true,"_links":{"self":[{"href":"https:\/\/escale-rhum.ch\/de\/wp-json\/wp\/v2\/product\/1532","targetHints":{"allow":["GET"]}}],"collection":[{"href":"https:\/\/escale-rhum.ch\/de\/wp-json\/wp\/v2\/product"}],"about":[{"href":"https:\/\/escale-rhum.ch\/de\/wp-json\/wp\/v2\/types\/product"}],"replies":[{"embeddable":true,"href":"https:\/\/escale-rhum.ch\/de\/wp-json\/wp\/v2\/comments?post=1532"}],"wp:featuredmedia":[{"embeddable":true,"href":"https:\/\/escale-rhum.ch\/de\/wp-json\/wp\/v2\/media\/1537"}],"wp:attachment":[{"href":"https:\/\/escale-rhum.ch\/de\/wp-json\/wp\/v2\/media?parent=1532"}],"wp:term":[{"taxonomy":"product_brand","embeddable":true,"href":"https:\/\/escale-rhum.ch\/de\/wp-json\/wp\/v2\/product_brand?post=1532"},{"taxonomy":"product_cat","embeddable":true,"href":"https:\/\/escale-rhum.ch\/de\/wp-json\/wp\/v2\/product_cat?post=1532"},{"taxonomy":"product_tag","embeddable":true,"href":"https:\/\/escale-rhum.ch\/de\/wp-json\/wp\/v2\/product_tag?post=1532"}],"curies":[{"name":"wp","href":"https:\/\/api.w.org\/{rel}","templated":true}]}}