{"id":1539,"date":"2025-09-08T12:39:35","date_gmt":"2025-09-08T12:39:35","guid":{"rendered":"https:\/\/escale-rhum.ch\/?post_type=product&#038;p=1539"},"modified":"2025-10-04T19:12:57","modified_gmt":"2025-10-04T19:12:57","slug":"coffret-extra-premium-5-rhums","status":"publish","type":"product","link":"https:\/\/escale-rhum.ch\/de\/product\/coffret-extra-premium-5-rhums\/","title":{"rendered":"Saint Aubin &#8211; Coffret Extra Premium"},"content":{"rendered":"<h1 style=\"text-align: center;\"><b>Saint Aubin \u2013 Coffret Extra Premium<\/b><\/h1>\n<h1 style=\"text-align: center;\"><b><i>Eine sinnliche Reise im Miniaturformat<\/i><\/b><\/h1>\n<p><b>Geschichte im Glas<\/b><\/p>\n<p><span style=\"font-weight: 400;\">Die Coffret Extra Premium Saint Aubin ist nicht nur eine einfache Auswahl, sondern eine Einladung, die Raffinesse des mauritischen Rums zu entdecken. Mit ihren f\u00fcnf 50-ml-Flaschen erm\u00f6glicht sie es, die raffiniertesten Ausdrucksformen der Extra Premium-Reihe zu entdecken: Vanille, Kaffee, Gew\u00fcrze, Kakao und wei\u00dfer Rum 50\u00b0.<\/span><\/p>\n<p><span style=\"font-weight: 400;\">Jede Flasche ist ein Erlebnis f\u00fcr sich und vereint das handwerkliche Know-how der 1819 gegr\u00fcndeten Brennerei Saint Aubin. Dieses Set ist ideal f\u00fcr neugierige Liebhaber, Kenner, die vor dem Kauf probieren m\u00f6chten, oder als einzigartiges und raffiniertes Geschenk.<\/span><\/p>\n<p><b>Sensorische Noten<\/b><\/p>\n<ul>\n<li aria-level=\"1\" class=\"translation-block\"><b>Vanille: <\/b><span style=\"font-weight: 400\">seidige S\u00fc\u00dfe, subtiles Aroma, Aufguss aus nat\u00fcrlichen Schoten<\/span><\/li>\n<\/ul>\n<ul>\n<li aria-level=\"1\" class=\"translation-block\"><b>Kaffee: <\/b><span style=\"font-weight: 400\">edle Intensit\u00e4t, runde R\u00f6stnote und zarte Bitterkeit<\/span><\/li>\n<\/ul>\n<ul>\n<li aria-level=\"1\" class=\"translation-block\"><b>Gew\u00fcrze: <\/b><span style=\"font-weight: 400\">bet\u00f6rende Sch\u00e4rfe, aromatische Komplexit\u00e4t, kontrollierte K\u00fchnheit<\/span><\/li>\n<\/ul>\n<ul>\n<li aria-level=\"1\" class=\"translation-block\"><b>Kakao:<\/b><span style=\"font-weight: 400\"> schokoladige Tiefe, elegante und anhaltende K\u00f6stlichkeit.<\/span><\/li>\n<\/ul>\n<ul>\n<li aria-level=\"1\" class=\"translation-block\"><b>Wei\u00dfer Rum 50 %:<\/b><span style=\"font-weight: 400\"> reiner und lebhafter Ausdruck des Zuckerrohrs, kontrollierte Kraft<\/span><\/li>\n<\/ul>\n<p><b>Verkostung &amp; Kombinationen<\/b><\/p>\n<ul>\n<li style=\"font-weight: 400;\" aria-level=\"1\" class=\"translation-block\"><b>Vanille<\/b><span style=\"font-weight: 400\">: zu feinen Desserts oder exotischen Fr\u00fcchten<\/span><\/li>\n<li style=\"font-weight: 400;\" aria-level=\"1\" class=\"translation-block\"><b>Kaffee<\/b><span style=\"font-weight: 400\">: ideal zu dunkler Schokolade oder feinem Geb\u00e4ck<\/span><\/li>\n<li style=\"font-weight: 400;\" aria-level=\"1\" class=\"translation-block\"><b>Gew\u00fcrze<\/b><span style=\"font-weight: 400\">: passt zu gereiftem K\u00e4se und w\u00fcrzigen H\u00e4ppchen<\/span><\/li>\n<li style=\"font-weight: 400;\" aria-level=\"1\" class=\"translation-block\"><b>Kakao<\/b><span style=\"font-weight: 400\">: perfekt zu k\u00f6stlichen Desserts oder Backwaren<\/span><\/li>\n<li style=\"font-weight: 400;\" aria-level=\"1\" class=\"translation-block\"><b>Wei\u00dfer Rum 50<\/b><span style=\"font-weight: 400\">\u00b0: eignet sich f\u00fcr Cocktails oder zum puren, belebenden Genuss<\/span><\/li>\n<\/ul>\n<p><b>Technisches Datenblatt<\/b><\/p>\n<ul>\n<li aria-level=\"1\" class=\"translation-block\"><b>Inhalt: <\/b><span style=\"font-weight: 400\">5 x<\/span> <span style=\"font-weight: 400\">5 cl<\/span><\/li>\n<\/ul>\n<ul>\n<li aria-level=\"1\" class=\"translation-block\"><b>Alkoholgehalt: <\/b><span style=\"font-weight: 400\">40 % vol.<\/span><\/li>\n<\/ul>\n<ul>\n<li aria-level=\"1\" class=\"translation-block\"><b>Format: <\/b><span style=\"font-weight: 400\">Koffer<\/span><\/li>\n<\/ul>\n<p><b><\/b><b>Produktreferenz: <\/b><span style=\"font-weight: 400;\">SACOF-EXP0540<\/span><\/p>","protected":false},"excerpt":{"rendered":"<p class=\"translation-block\">Das <strong data-start=\"\u201e3\u201c\" data-end=\"\u201e40\u201c\">Extra Premium Saint Aubin-Set<\/strong> enth\u00e4lt f\u00fcnf 50-ml-Flaschen (Vanille, Kaffee, Gew\u00fcrze, Kakao und wei\u00dfer Rum 50\u00b0), eine echte Einladung, die Vielfalt des mauritischen Rums zu entdecken. Seit 1819 verbindet es Tradition und Fachwissen und richtet sich sowohl an Neugierige als auch an Kenner, die auf der Suche nach einem seltenen und raffinierten Geschenk sind.<\/p>","protected":false},"featured_media":1540,"comment_status":"open","ping_status":"closed","template":"","meta":[],"product_brand":[],"product_cat":[28],"product_tag":[],"class_list":{"0":"post-1539","1":"product","2":"type-product","3":"status-publish","4":"has-post-thumbnail","6":"product_cat-coffret","8":"first","9":"instock","10":"taxable","11":"shipping-taxable","12":"purchasable","13":"product-type-simple"},"yoast_head":"<!-- This site is optimized with the Yoast SEO plugin v26.0 - https:\/\/yoast.com\/wordpress\/plugins\/seo\/ -->\n<title>Saint Aubin - Coffret Extra Premium - EscaleRhum.ch<\/title>\n<meta name=\"robots\" content=\"index, follow, max-snippet:-1, max-image-preview:large, max-video-preview:-1\" \/>\n<link rel=\"canonical\" href=\"https:\/\/escale-rhum.ch\/de\/product\/coffret-extra-premium-5-rhums\/\" \/>\n<meta property=\"og:locale\" content=\"de_DE\" \/>\n<meta property=\"og:type\" content=\"article\" \/>\n<meta property=\"og:title\" content=\"Saint Aubin - Coffret Extra Premium - EscaleRhum.ch\" \/>\n<meta property=\"og:description\" content=\"Le Coffret Extra Premium Saint Aubin propose cinq flacons de 50 ml (Vanille, Caf\u00e9, \u00c9pices, Cacao et Rhum Blanc 50\u00b0), une v\u00e9ritable invitation \u00e0 explorer la richesse du rhum mauricien. Alliant tradition et expertise depuis 1819, il s\u2019adresse aussi bien aux curieux qu\u2019aux connaisseurs en qu\u00eate d\u2019un cadeau rare et raffin\u00e9.\" \/>\n<meta property=\"og:url\" content=\"https:\/\/escale-rhum.ch\/de\/product\/coffret-extra-premium-5-rhums\/\" \/>\n<meta property=\"og:site_name\" content=\"EscaleRhum.ch\" \/>\n<meta property=\"article:publisher\" content=\"https:\/\/www.facebook.com\/profile.php?id=61579168031030\" \/>\n<meta property=\"article:modified_time\" content=\"2025-10-04T19:12:57+00:00\" \/>\n<meta property=\"og:image\" content=\"https:\/\/escale-rhum.ch\/wp-content\/uploads\/2025\/09\/Sans-titre-Site-Web-2.jpg\" \/>\n\t<meta property=\"og:image:width\" content=\"1000\" \/>\n\t<meta property=\"og:image:height\" content=\"1000\" \/>\n\t<meta property=\"og:image:type\" content=\"image\/jpeg\" \/>\n<meta name=\"twitter:card\" content=\"summary_large_image\" \/>\n<meta name=\"twitter:label1\" content=\"Gesch\u00e4tzte Lesezeit\" \/>\n\t<meta name=\"twitter:data1\" content=\"2\u00a0Minuten\" \/>\n<script type=\"application\/ld+json\" class=\"yoast-schema-graph\">{\"@context\":\"https:\/\/schema.org\",\"@graph\":[{\"@type\":\"WebPage\",\"@id\":\"https:\/\/escale-rhum.ch\/product\/coffret-extra-premium-5-rhums\/\",\"url\":\"https:\/\/escale-rhum.ch\/product\/coffret-extra-premium-5-rhums\/\",\"name\":\"Saint Aubin - Coffret Extra Premium - EscaleRhum.ch\",\"isPartOf\":{\"@id\":\"http:\/\/escale-rhum.ch\/de\/#website\"},\"primaryImageOfPage\":{\"@id\":\"https:\/\/escale-rhum.ch\/product\/coffret-extra-premium-5-rhums\/#primaryimage\"},\"image\":{\"@id\":\"https:\/\/escale-rhum.ch\/product\/coffret-extra-premium-5-rhums\/#primaryimage\"},\"thumbnailUrl\":\"https:\/\/escale-rhum.ch\/wp-content\/uploads\/2025\/09\/Sans-titre-Site-Web-2.jpg\",\"datePublished\":\"2025-09-08T12:39:35+00:00\",\"dateModified\":\"2025-10-04T19:12:57+00:00\",\"breadcrumb\":{\"@id\":\"https:\/\/escale-rhum.ch\/product\/coffret-extra-premium-5-rhums\/#breadcrumb\"},\"inLanguage\":\"de\",\"potentialAction\":[{\"@type\":\"ReadAction\",\"target\":[\"https:\/\/escale-rhum.ch\/product\/coffret-extra-premium-5-rhums\/\"]}]},{\"@type\":\"ImageObject\",\"inLanguage\":\"de\",\"@id\":\"https:\/\/escale-rhum.ch\/product\/coffret-extra-premium-5-rhums\/#primaryimage\",\"url\":\"https:\/\/escale-rhum.ch\/wp-content\/uploads\/2025\/09\/Sans-titre-Site-Web-2.jpg\",\"contentUrl\":\"https:\/\/escale-rhum.ch\/wp-content\/uploads\/2025\/09\/Sans-titre-Site-Web-2.jpg\",\"width\":1000,\"height\":1000},{\"@type\":\"BreadcrumbList\",\"@id\":\"https:\/\/escale-rhum.ch\/product\/coffret-extra-premium-5-rhums\/#breadcrumb\",\"itemListElement\":[{\"@type\":\"ListItem\",\"position\":1,\"name\":\"Accueil\",\"item\":\"https:\/\/escale-rhum.ch\/\"},{\"@type\":\"ListItem\",\"position\":2,\"name\":\"Nos rhums\",\"item\":\"http:\/\/escale-rhum.ch\/de\/nos-rhums\/\"},{\"@type\":\"ListItem\",\"position\":3,\"name\":\"Saint Aubin &#8211; Coffret Extra Premium\"}]},{\"@type\":\"WebSite\",\"@id\":\"http:\/\/escale-rhum.ch\/de\/#website\",\"url\":\"http:\/\/escale-rhum.ch\/de\/\",\"name\":\"Escale Rhum\",\"description\":\"Voyagez \u00e0 travers les saveurs authentiques de l\u2019\u00eele Maurice.\",\"publisher\":{\"@id\":\"http:\/\/escale-rhum.ch\/de\/#organization\"},\"alternateName\":\"escale-rhum.ch\",\"potentialAction\":[{\"@type\":\"SearchAction\",\"target\":{\"@type\":\"EntryPoint\",\"urlTemplate\":\"http:\/\/escale-rhum.ch\/de\/?s={search_term_string}\"},\"query-input\":{\"@type\":\"PropertyValueSpecification\",\"valueRequired\":true,\"valueName\":\"search_term_string\"}}],\"inLanguage\":\"de\"},{\"@type\":\"Organization\",\"@id\":\"http:\/\/escale-rhum.ch\/de\/#organization\",\"name\":\"Escale Rhum\",\"alternateName\":\"escale-rhum.ch\",\"url\":\"http:\/\/escale-rhum.ch\/de\/\",\"logo\":{\"@type\":\"ImageObject\",\"inLanguage\":\"de\",\"@id\":\"http:\/\/escale-rhum.ch\/de\/#\/schema\/logo\/image\/\",\"url\":\"https:\/\/escale-rhum.ch\/wp-content\/uploads\/2025\/09\/Logo-Version-Final-Logo-Rhum-et-Sens-4.png\",\"contentUrl\":\"https:\/\/escale-rhum.ch\/wp-content\/uploads\/2025\/09\/Logo-Version-Final-Logo-Rhum-et-Sens-4.png\",\"width\":500,\"height\":500,\"caption\":\"Escale Rhum\"},\"image\":{\"@id\":\"http:\/\/escale-rhum.ch\/de\/#\/schema\/logo\/image\/\"},\"sameAs\":[\"https:\/\/www.facebook.com\/profile.php?id=61579168031030\"]}]}<\/script>\n<!-- \/ Yoast SEO plugin. -->","yoast_head_json":{"title":"Saint Aubin - Coffret Extra Premium - EscaleRhum.ch","robots":{"index":"index","follow":"follow","max-snippet":"max-snippet:-1","max-image-preview":"max-image-preview:large","max-video-preview":"max-video-preview:-1"},"canonical":"https:\/\/escale-rhum.ch\/de\/product\/coffret-extra-premium-5-rhums\/","og_locale":"de_DE","og_type":"article","og_title":"Saint Aubin - Coffret Extra Premium - EscaleRhum.ch","og_description":"Le Coffret Extra Premium Saint Aubin propose cinq flacons de 50 ml (Vanille, Caf\u00e9, \u00c9pices, Cacao et Rhum Blanc 50\u00b0), une v\u00e9ritable invitation \u00e0 explorer la richesse du rhum mauricien. Alliant tradition et expertise depuis 1819, il s\u2019adresse aussi bien aux curieux qu\u2019aux connaisseurs en qu\u00eate d\u2019un cadeau rare et raffin\u00e9.","og_url":"https:\/\/escale-rhum.ch\/de\/product\/coffret-extra-premium-5-rhums\/","og_site_name":"EscaleRhum.ch","article_publisher":"https:\/\/www.facebook.com\/profile.php?id=61579168031030","article_modified_time":"2025-10-04T19:12:57+00:00","og_image":[{"width":1000,"height":1000,"url":"https:\/\/escale-rhum.ch\/wp-content\/uploads\/2025\/09\/Sans-titre-Site-Web-2.jpg","type":"image\/jpeg"}],"twitter_card":"summary_large_image","twitter_misc":{"Gesch\u00e4tzte Lesezeit":"2\u00a0Minuten"},"schema":{"@context":"https:\/\/schema.org","@graph":[{"@type":"WebPage","@id":"https:\/\/escale-rhum.ch\/product\/coffret-extra-premium-5-rhums\/","url":"https:\/\/escale-rhum.ch\/product\/coffret-extra-premium-5-rhums\/","name":"Saint Aubin - Coffret Extra Premium - EscaleRhum.ch","isPartOf":{"@id":"http:\/\/escale-rhum.ch\/de\/#website"},"primaryImageOfPage":{"@id":"https:\/\/escale-rhum.ch\/product\/coffret-extra-premium-5-rhums\/#primaryimage"},"image":{"@id":"https:\/\/escale-rhum.ch\/product\/coffret-extra-premium-5-rhums\/#primaryimage"},"thumbnailUrl":"https:\/\/escale-rhum.ch\/wp-content\/uploads\/2025\/09\/Sans-titre-Site-Web-2.jpg","datePublished":"2025-09-08T12:39:35+00:00","dateModified":"2025-10-04T19:12:57+00:00","breadcrumb":{"@id":"https:\/\/escale-rhum.ch\/product\/coffret-extra-premium-5-rhums\/#breadcrumb"},"inLanguage":"de","potentialAction":[{"@type":"ReadAction","target":["https:\/\/escale-rhum.ch\/product\/coffret-extra-premium-5-rhums\/"]}]},{"@type":"ImageObject","inLanguage":"de","@id":"https:\/\/escale-rhum.ch\/product\/coffret-extra-premium-5-rhums\/#primaryimage","url":"https:\/\/escale-rhum.ch\/wp-content\/uploads\/2025\/09\/Sans-titre-Site-Web-2.jpg","contentUrl":"https:\/\/escale-rhum.ch\/wp-content\/uploads\/2025\/09\/Sans-titre-Site-Web-2.jpg","width":1000,"height":1000},{"@type":"BreadcrumbList","@id":"https:\/\/escale-rhum.ch\/product\/coffret-extra-premium-5-rhums\/#breadcrumb","itemListElement":[{"@type":"ListItem","position":1,"name":"Accueil","item":"https:\/\/escale-rhum.ch\/"},{"@type":"ListItem","position":2,"name":"Nos rhums","item":"http:\/\/escale-rhum.ch\/de\/nos-rhums\/"},{"@type":"ListItem","position":3,"name":"Saint Aubin &#8211; Coffret Extra Premium"}]},{"@type":"WebSite","@id":"http:\/\/escale-rhum.ch\/de\/#website","url":"http:\/\/escale-rhum.ch\/de\/","name":"Escale Rhum","description":"Voyagez \u00e0 travers les saveurs authentiques de l\u2019\u00eele Maurice.","publisher":{"@id":"http:\/\/escale-rhum.ch\/de\/#organization"},"alternateName":"escale-rhum.ch","potentialAction":[{"@type":"SearchAction","target":{"@type":"EntryPoint","urlTemplate":"http:\/\/escale-rhum.ch\/de\/?s={search_term_string}"},"query-input":{"@type":"PropertyValueSpecification","valueRequired":true,"valueName":"search_term_string"}}],"inLanguage":"de"},{"@type":"Organization","@id":"http:\/\/escale-rhum.ch\/de\/#organization","name":"Escale Rhum","alternateName":"escale-rhum.ch","url":"http:\/\/escale-rhum.ch\/de\/","logo":{"@type":"ImageObject","inLanguage":"de","@id":"http:\/\/escale-rhum.ch\/de\/#\/schema\/logo\/image\/","url":"https:\/\/escale-rhum.ch\/wp-content\/uploads\/2025\/09\/Logo-Version-Final-Logo-Rhum-et-Sens-4.png","contentUrl":"https:\/\/escale-rhum.ch\/wp-content\/uploads\/2025\/09\/Logo-Version-Final-Logo-Rhum-et-Sens-4.png","width":500,"height":500,"caption":"Escale Rhum"},"image":{"@id":"http:\/\/escale-rhum.ch\/de\/#\/schema\/logo\/image\/"},"sameAs":["https:\/\/www.facebook.com\/profile.php?id=61579168031030"]}]}},"jetpack_sharing_enabled":true,"_links":{"self":[{"href":"https:\/\/escale-rhum.ch\/de\/wp-json\/wp\/v2\/product\/1539","targetHints":{"allow":["GET"]}}],"collection":[{"href":"https:\/\/escale-rhum.ch\/de\/wp-json\/wp\/v2\/product"}],"about":[{"href":"https:\/\/escale-rhum.ch\/de\/wp-json\/wp\/v2\/types\/product"}],"replies":[{"embeddable":true,"href":"https:\/\/escale-rhum.ch\/de\/wp-json\/wp\/v2\/comments?post=1539"}],"wp:featuredmedia":[{"embeddable":true,"href":"https:\/\/escale-rhum.ch\/de\/wp-json\/wp\/v2\/media\/1540"}],"wp:attachment":[{"href":"https:\/\/escale-rhum.ch\/de\/wp-json\/wp\/v2\/media?parent=1539"}],"wp:term":[{"taxonomy":"product_brand","embeddable":true,"href":"https:\/\/escale-rhum.ch\/de\/wp-json\/wp\/v2\/product_brand?post=1539"},{"taxonomy":"product_cat","embeddable":true,"href":"https:\/\/escale-rhum.ch\/de\/wp-json\/wp\/v2\/product_cat?post=1539"},{"taxonomy":"product_tag","embeddable":true,"href":"https:\/\/escale-rhum.ch\/de\/wp-json\/wp\/v2\/product_tag?post=1539"}],"curies":[{"name":"wp","href":"https:\/\/api.w.org\/{rel}","templated":true}]}}