{"id":1543,"date":"2025-09-08T12:41:05","date_gmt":"2025-09-08T12:41:05","guid":{"rendered":"https:\/\/escale-rhum.ch\/?post_type=product&#038;p=1543"},"modified":"2025-10-04T19:12:06","modified_gmt":"2025-10-04T19:12:06","slug":"single-malt-cask-finish","status":"publish","type":"product","link":"https:\/\/escale-rhum.ch\/de\/product\/single-malt-cask-finish\/","title":{"rendered":"Saint Aubin &#8211; Single Malt Cask Finish"},"content":{"rendered":"<h1 style=\"text-align: center;\"><b>Saint Aubin &#8211; Single Malt<\/b><\/h1>\n<h1 style=\"text-align: center;\"><b><i>Fassausbau<\/i><\/b><\/h1>\n<p><b>Geschichte im Glas<\/b><\/p>\n<p><span style=\"font-weight: 400;\">Nach der Destillation im Pot Still und einer Hauptlagerung in Eichenf\u00e4ssern wurde dieser Rum <\/span><b>12 Monate in F\u00e4ssern gereift, in denen zuvor Single Malt gelagert wurde<\/b><span style=\"font-weight: 400;\">, ergibt eine Flasche <\/span><b>50 cl<\/b><span style=\"font-weight: 400;\"> um <\/span><b>43 % vol.<\/b><span style=\"font-weight: 400;\"> ; das gem\u00e4lzte Fass verleiht Struktur und Getreidenoten.<\/span><\/p>\n<p><b>Sensorische Noten<\/b><\/p>\n<ul>\n<li aria-level=\"1\" class=\"translation-block\"><b>In der Nase: <\/b><span style=\"font-weight: 400\">warme Getreidenoten, Butterkekse, Vanillepudding und je nach Fass leichter Torfrauch<\/span><\/li>\n<\/ul>\n<ul>\n<li aria-level=\"1\" class=\"translation-block\"><b>Am Gaumen: <\/b><span style=\"font-weight: 400\">malziger Auftakt, entwickelt sich zu Karamell, Fr\u00fchlingshonig und knusprigen Keksen; die trockene Mineralit\u00e4t unterst\u00fctzt die Struktur<\/span><\/li>\n<\/ul>\n<ul>\n<li aria-level=\"1\" class=\"translation-block\"><b>Finale: <\/b><span style=\"font-weight: 400\">ger\u00f6stete Toasts, milde Gew\u00fcrze und anhaltender malziger Abgang<\/span><\/li>\n<\/ul>\n<p><b>Verkostung &amp; Kombinationen<\/b><\/p>\n<ul>\n<li aria-level=\"1\" class=\"translation-block\"><b>Speisenempfehlungen: <\/b><span style=\"font-weight: 400\">gereifter Hartk\u00e4se; R\u00e4ucherlachs oder ger\u00e4ucherte Wurstwaren; lauwarme Madeleines, Lebkuchen oder Desserts mit gesalzenem Karamell<\/span><\/li>\n<\/ul>\n<ul>\n<li aria-level=\"1\" class=\"translation-block\"><b>Cigare : <\/b><span style=\"font-weight: 400\">robusto \/ toro<\/span><\/li>\n<\/ul>\n<ul>\n<li aria-level=\"1\" class=\"translation-block\"><b>Serviertipps: <\/b><span style=\"font-weight: 400\">Aufrecht lagern, vor Licht sch\u00fctzen, starke Hitze vermeiden \u2013 17-20 \u00b0C, perfekt in einem Kelchglas zur langsamen Verkostung<\/span><\/li>\n<\/ul>\n<p><b>Technisches Datenblatt<\/b><\/p>\n<ul>\n<li aria-level=\"1\" class=\"translation-block\"><b>Inhalt: <\/b><span style=\"font-weight: 400\">50 cl<\/span><\/li>\n<\/ul>\n<ul>\n<li aria-level=\"1\" class=\"translation-block\"><b>Alkoholgehalt: <\/b><span style=\"font-weight: 400\">43,1 % vol.<\/span><\/li>\n<\/ul>\n<ul>\n<li aria-level=\"1\" class=\"translation-block\"><b>Format: <\/b><span style=\"font-weight: 400\">Flasche<\/span><\/li>\n<\/ul>\n<ul>\n<li aria-level=\"1\" class=\"translation-block\"><b>Produktreferenz: <\/b><span style=\"font-weight: 400\">SACF-SMA5043.1<\/span><\/li>\n<\/ul>\n<p>&nbsp;<\/p>","protected":false},"excerpt":{"rendered":"<p class=\"translation-block\">Der <strong data-start=\"\u201e3\u201c\" data-end=\"\u201e55\u201c\">Rhum Vieilli \u00c9dition Limit\u00e9e 43,1 % vol. \u2013 50 cl<\/strong> reifte zun\u00e4chst in Eichenf\u00e4ssern, bevor er 12 Monate lang in Single-Malt-F\u00e4ssern verfeinert wurde, wodurch er eine elegante Struktur und einzigartige Getreidenoten entwickelte. Jede nummerierte Flasche verk\u00f6rpert die Exklusivit\u00e4t eines seltenen und au\u00dfergew\u00f6hnlichen Rums.<\/p>","protected":false},"featured_media":1544,"comment_status":"open","ping_status":"closed","template":"","meta":[],"product_brand":[],"product_cat":[23],"product_tag":[],"class_list":{"0":"post-1543","1":"product","2":"type-product","3":"status-publish","4":"has-post-thumbnail","6":"product_cat-vieux-rhum","8":"first","9":"instock","10":"taxable","11":"shipping-taxable","12":"purchasable","13":"product-type-simple"},"yoast_head":"<!-- This site is optimized with the Yoast SEO plugin v26.0 - https:\/\/yoast.com\/wordpress\/plugins\/seo\/ -->\n<title>Saint Aubin - Single Malt Cask Finish - EscaleRhum.ch<\/title>\n<meta name=\"robots\" content=\"index, follow, max-snippet:-1, max-image-preview:large, max-video-preview:-1\" \/>\n<link rel=\"canonical\" href=\"https:\/\/escale-rhum.ch\/de\/product\/single-malt-cask-finish\/\" \/>\n<meta property=\"og:locale\" content=\"de_DE\" \/>\n<meta property=\"og:type\" content=\"article\" \/>\n<meta property=\"og:title\" content=\"Saint Aubin - Single Malt Cask Finish - EscaleRhum.ch\" \/>\n<meta property=\"og:description\" content=\"Le Rhum Vieilli \u00c9dition Limit\u00e9e 43,1 % vol. \u2013 50 cl a d\u2019abord repos\u00e9 en f\u00fbts de ch\u00eane avant un affinage de 12 mois en f\u00fbts de single malt, r\u00e9v\u00e9lant une structure \u00e9l\u00e9gante et des notes c\u00e9r\u00e9ali\u00e8res uniques. Chaque bouteille num\u00e9rot\u00e9e incarne l\u2019exclusivit\u00e9 d\u2019un rhum rare et d\u2019exception.\" \/>\n<meta property=\"og:url\" content=\"https:\/\/escale-rhum.ch\/de\/product\/single-malt-cask-finish\/\" \/>\n<meta property=\"og:site_name\" content=\"EscaleRhum.ch\" \/>\n<meta property=\"article:publisher\" content=\"https:\/\/www.facebook.com\/profile.php?id=61579168031030\" \/>\n<meta property=\"article:modified_time\" content=\"2025-10-04T19:12:06+00:00\" \/>\n<meta property=\"og:image\" content=\"https:\/\/escale-rhum.ch\/wp-content\/uploads\/2025\/09\/Single-Malt-Finish.jpg\" \/>\n\t<meta property=\"og:image:width\" content=\"1000\" \/>\n\t<meta property=\"og:image:height\" content=\"1000\" \/>\n\t<meta property=\"og:image:type\" content=\"image\/jpeg\" \/>\n<meta name=\"twitter:card\" content=\"summary_large_image\" \/>\n<meta name=\"twitter:label1\" content=\"Gesch\u00e4tzte Lesezeit\" \/>\n\t<meta name=\"twitter:data1\" content=\"2\u00a0Minuten\" \/>\n<script type=\"application\/ld+json\" class=\"yoast-schema-graph\">{\"@context\":\"https:\/\/schema.org\",\"@graph\":[{\"@type\":\"WebPage\",\"@id\":\"https:\/\/escale-rhum.ch\/product\/single-malt-cask-finish\/\",\"url\":\"https:\/\/escale-rhum.ch\/product\/single-malt-cask-finish\/\",\"name\":\"Saint Aubin - Single Malt Cask Finish - EscaleRhum.ch\",\"isPartOf\":{\"@id\":\"http:\/\/escale-rhum.ch\/de\/#website\"},\"primaryImageOfPage\":{\"@id\":\"https:\/\/escale-rhum.ch\/product\/single-malt-cask-finish\/#primaryimage\"},\"image\":{\"@id\":\"https:\/\/escale-rhum.ch\/product\/single-malt-cask-finish\/#primaryimage\"},\"thumbnailUrl\":\"https:\/\/escale-rhum.ch\/wp-content\/uploads\/2025\/09\/Single-Malt-Finish.jpg\",\"datePublished\":\"2025-09-08T12:41:05+00:00\",\"dateModified\":\"2025-10-04T19:12:06+00:00\",\"breadcrumb\":{\"@id\":\"https:\/\/escale-rhum.ch\/product\/single-malt-cask-finish\/#breadcrumb\"},\"inLanguage\":\"de\",\"potentialAction\":[{\"@type\":\"ReadAction\",\"target\":[\"https:\/\/escale-rhum.ch\/product\/single-malt-cask-finish\/\"]}]},{\"@type\":\"ImageObject\",\"inLanguage\":\"de\",\"@id\":\"https:\/\/escale-rhum.ch\/product\/single-malt-cask-finish\/#primaryimage\",\"url\":\"https:\/\/escale-rhum.ch\/wp-content\/uploads\/2025\/09\/Single-Malt-Finish.jpg\",\"contentUrl\":\"https:\/\/escale-rhum.ch\/wp-content\/uploads\/2025\/09\/Single-Malt-Finish.jpg\",\"width\":1000,\"height\":1000},{\"@type\":\"BreadcrumbList\",\"@id\":\"https:\/\/escale-rhum.ch\/product\/single-malt-cask-finish\/#breadcrumb\",\"itemListElement\":[{\"@type\":\"ListItem\",\"position\":1,\"name\":\"Accueil\",\"item\":\"https:\/\/escale-rhum.ch\/\"},{\"@type\":\"ListItem\",\"position\":2,\"name\":\"Nos rhums\",\"item\":\"http:\/\/escale-rhum.ch\/de\/nos-rhums\/\"},{\"@type\":\"ListItem\",\"position\":3,\"name\":\"Saint Aubin &#8211; Single Malt Cask Finish\"}]},{\"@type\":\"WebSite\",\"@id\":\"http:\/\/escale-rhum.ch\/de\/#website\",\"url\":\"http:\/\/escale-rhum.ch\/de\/\",\"name\":\"Escale Rhum\",\"description\":\"Voyagez \u00e0 travers les saveurs authentiques de l\u2019\u00eele Maurice.\",\"publisher\":{\"@id\":\"http:\/\/escale-rhum.ch\/de\/#organization\"},\"alternateName\":\"escale-rhum.ch\",\"potentialAction\":[{\"@type\":\"SearchAction\",\"target\":{\"@type\":\"EntryPoint\",\"urlTemplate\":\"http:\/\/escale-rhum.ch\/de\/?s={search_term_string}\"},\"query-input\":{\"@type\":\"PropertyValueSpecification\",\"valueRequired\":true,\"valueName\":\"search_term_string\"}}],\"inLanguage\":\"de\"},{\"@type\":\"Organization\",\"@id\":\"http:\/\/escale-rhum.ch\/de\/#organization\",\"name\":\"Escale Rhum\",\"alternateName\":\"escale-rhum.ch\",\"url\":\"http:\/\/escale-rhum.ch\/de\/\",\"logo\":{\"@type\":\"ImageObject\",\"inLanguage\":\"de\",\"@id\":\"http:\/\/escale-rhum.ch\/de\/#\/schema\/logo\/image\/\",\"url\":\"https:\/\/escale-rhum.ch\/wp-content\/uploads\/2025\/09\/Logo-Version-Final-Logo-Rhum-et-Sens-4.png\",\"contentUrl\":\"https:\/\/escale-rhum.ch\/wp-content\/uploads\/2025\/09\/Logo-Version-Final-Logo-Rhum-et-Sens-4.png\",\"width\":500,\"height\":500,\"caption\":\"Escale Rhum\"},\"image\":{\"@id\":\"http:\/\/escale-rhum.ch\/de\/#\/schema\/logo\/image\/\"},\"sameAs\":[\"https:\/\/www.facebook.com\/profile.php?id=61579168031030\"]}]}<\/script>\n<!-- \/ Yoast SEO plugin. -->","yoast_head_json":{"title":"Saint Aubin - Single Malt Cask Finish - EscaleRhum.ch","robots":{"index":"index","follow":"follow","max-snippet":"max-snippet:-1","max-image-preview":"max-image-preview:large","max-video-preview":"max-video-preview:-1"},"canonical":"https:\/\/escale-rhum.ch\/de\/product\/single-malt-cask-finish\/","og_locale":"de_DE","og_type":"article","og_title":"Saint Aubin - Single Malt Cask Finish - EscaleRhum.ch","og_description":"Le Rhum Vieilli \u00c9dition Limit\u00e9e 43,1 % vol. \u2013 50 cl a d\u2019abord repos\u00e9 en f\u00fbts de ch\u00eane avant un affinage de 12 mois en f\u00fbts de single malt, r\u00e9v\u00e9lant une structure \u00e9l\u00e9gante et des notes c\u00e9r\u00e9ali\u00e8res uniques. Chaque bouteille num\u00e9rot\u00e9e incarne l\u2019exclusivit\u00e9 d\u2019un rhum rare et d\u2019exception.","og_url":"https:\/\/escale-rhum.ch\/de\/product\/single-malt-cask-finish\/","og_site_name":"EscaleRhum.ch","article_publisher":"https:\/\/www.facebook.com\/profile.php?id=61579168031030","article_modified_time":"2025-10-04T19:12:06+00:00","og_image":[{"width":1000,"height":1000,"url":"https:\/\/escale-rhum.ch\/wp-content\/uploads\/2025\/09\/Single-Malt-Finish.jpg","type":"image\/jpeg"}],"twitter_card":"summary_large_image","twitter_misc":{"Gesch\u00e4tzte Lesezeit":"2\u00a0Minuten"},"schema":{"@context":"https:\/\/schema.org","@graph":[{"@type":"WebPage","@id":"https:\/\/escale-rhum.ch\/product\/single-malt-cask-finish\/","url":"https:\/\/escale-rhum.ch\/product\/single-malt-cask-finish\/","name":"Saint Aubin - Single Malt Cask Finish - EscaleRhum.ch","isPartOf":{"@id":"http:\/\/escale-rhum.ch\/de\/#website"},"primaryImageOfPage":{"@id":"https:\/\/escale-rhum.ch\/product\/single-malt-cask-finish\/#primaryimage"},"image":{"@id":"https:\/\/escale-rhum.ch\/product\/single-malt-cask-finish\/#primaryimage"},"thumbnailUrl":"https:\/\/escale-rhum.ch\/wp-content\/uploads\/2025\/09\/Single-Malt-Finish.jpg","datePublished":"2025-09-08T12:41:05+00:00","dateModified":"2025-10-04T19:12:06+00:00","breadcrumb":{"@id":"https:\/\/escale-rhum.ch\/product\/single-malt-cask-finish\/#breadcrumb"},"inLanguage":"de","potentialAction":[{"@type":"ReadAction","target":["https:\/\/escale-rhum.ch\/product\/single-malt-cask-finish\/"]}]},{"@type":"ImageObject","inLanguage":"de","@id":"https:\/\/escale-rhum.ch\/product\/single-malt-cask-finish\/#primaryimage","url":"https:\/\/escale-rhum.ch\/wp-content\/uploads\/2025\/09\/Single-Malt-Finish.jpg","contentUrl":"https:\/\/escale-rhum.ch\/wp-content\/uploads\/2025\/09\/Single-Malt-Finish.jpg","width":1000,"height":1000},{"@type":"BreadcrumbList","@id":"https:\/\/escale-rhum.ch\/product\/single-malt-cask-finish\/#breadcrumb","itemListElement":[{"@type":"ListItem","position":1,"name":"Accueil","item":"https:\/\/escale-rhum.ch\/"},{"@type":"ListItem","position":2,"name":"Nos rhums","item":"http:\/\/escale-rhum.ch\/de\/nos-rhums\/"},{"@type":"ListItem","position":3,"name":"Saint Aubin &#8211; Single Malt Cask Finish"}]},{"@type":"WebSite","@id":"http:\/\/escale-rhum.ch\/de\/#website","url":"http:\/\/escale-rhum.ch\/de\/","name":"Escale Rhum","description":"Voyagez \u00e0 travers les saveurs authentiques de l\u2019\u00eele Maurice.","publisher":{"@id":"http:\/\/escale-rhum.ch\/de\/#organization"},"alternateName":"escale-rhum.ch","potentialAction":[{"@type":"SearchAction","target":{"@type":"EntryPoint","urlTemplate":"http:\/\/escale-rhum.ch\/de\/?s={search_term_string}"},"query-input":{"@type":"PropertyValueSpecification","valueRequired":true,"valueName":"search_term_string"}}],"inLanguage":"de"},{"@type":"Organization","@id":"http:\/\/escale-rhum.ch\/de\/#organization","name":"Escale Rhum","alternateName":"escale-rhum.ch","url":"http:\/\/escale-rhum.ch\/de\/","logo":{"@type":"ImageObject","inLanguage":"de","@id":"http:\/\/escale-rhum.ch\/de\/#\/schema\/logo\/image\/","url":"https:\/\/escale-rhum.ch\/wp-content\/uploads\/2025\/09\/Logo-Version-Final-Logo-Rhum-et-Sens-4.png","contentUrl":"https:\/\/escale-rhum.ch\/wp-content\/uploads\/2025\/09\/Logo-Version-Final-Logo-Rhum-et-Sens-4.png","width":500,"height":500,"caption":"Escale Rhum"},"image":{"@id":"http:\/\/escale-rhum.ch\/de\/#\/schema\/logo\/image\/"},"sameAs":["https:\/\/www.facebook.com\/profile.php?id=61579168031030"]}]}},"jetpack_sharing_enabled":true,"_links":{"self":[{"href":"https:\/\/escale-rhum.ch\/de\/wp-json\/wp\/v2\/product\/1543","targetHints":{"allow":["GET"]}}],"collection":[{"href":"https:\/\/escale-rhum.ch\/de\/wp-json\/wp\/v2\/product"}],"about":[{"href":"https:\/\/escale-rhum.ch\/de\/wp-json\/wp\/v2\/types\/product"}],"replies":[{"embeddable":true,"href":"https:\/\/escale-rhum.ch\/de\/wp-json\/wp\/v2\/comments?post=1543"}],"wp:featuredmedia":[{"embeddable":true,"href":"https:\/\/escale-rhum.ch\/de\/wp-json\/wp\/v2\/media\/1544"}],"wp:attachment":[{"href":"https:\/\/escale-rhum.ch\/de\/wp-json\/wp\/v2\/media?parent=1543"}],"wp:term":[{"taxonomy":"product_brand","embeddable":true,"href":"https:\/\/escale-rhum.ch\/de\/wp-json\/wp\/v2\/product_brand?post=1543"},{"taxonomy":"product_cat","embeddable":true,"href":"https:\/\/escale-rhum.ch\/de\/wp-json\/wp\/v2\/product_cat?post=1543"},{"taxonomy":"product_tag","embeddable":true,"href":"https:\/\/escale-rhum.ch\/de\/wp-json\/wp\/v2\/product_tag?post=1543"}],"curies":[{"name":"wp","href":"https:\/\/api.w.org\/{rel}","templated":true}]}}