{"id":1549,"date":"2025-09-08T12:42:44","date_gmt":"2025-09-08T12:42:44","guid":{"rendered":"https:\/\/escale-rhum.ch\/?post_type=product&#038;p=1549"},"modified":"2025-10-04T19:09:18","modified_gmt":"2025-10-04T19:09:18","slug":"classic-vanille","status":"publish","type":"product","link":"https:\/\/escale-rhum.ch\/de\/product\/classic-vanille\/","title":{"rendered":"Saint Aubin &#8211; Classic \u00ab\u00a0Vanille\u00a0\u00bb"},"content":{"rendered":"<h1 style=\"text-align: center;\"><b>Saint Aubin Classic \u00ab\u00a0Vanille\u00a0\u00bb<\/b><\/h1>\n<h1 style=\"text-align: center;\"><b><i>Garantierte Sanftheit<\/i><\/b><\/h1>\n<p><b>Geschichte im Glas<\/b><\/p>\n<p><span style=\"font-weight: 400;\">Dieser mit nat\u00fcrlicher Vanille angereicherte Rum Classic Vanille besticht durch seine angenehme Milde und seine F\u00e4higkeit, sich mit lokalen Produkten aus verschiedenen Regionen zu verbinden.<\/span><\/p>\n<p><b>Sensorische Noten<\/b><\/p>\n<ul>\n<li aria-level=\"1\" class=\"translation-block\"><b>In der Nase: <\/b><span style=\"font-weight: 400\">cremige Vanille, s\u00fc\u00dfes Karamell<\/span><\/li>\n<\/ul>\n<ul>\n<li aria-level=\"1\" class=\"translation-block\"><b>Am Gaumen: <\/b><span style=\"font-weight: 400\">fruchtige Rundheit, leicht blumiger Touch<\/span><\/li>\n<\/ul>\n<ul>\n<li aria-level=\"1\" class=\"translation-block\"><b>Finale: <\/b><span style=\"font-weight: 400\">kurz und delikat<\/span><\/li>\n<\/ul>\n<p><b>Verkostung &amp; Kombinationen<\/b><\/p>\n<ul>\n<li aria-level=\"1\" class=\"translation-block\"><b>Idealer Moment: <\/b><span style=\"font-weight: 400\">Aperitif, Digestif, kleine Auszeit, purer Genuss, leichter Mini-Cocktail<\/span><\/li>\n<\/ul>\n<ul>\n<li style=\"list-style-type: none;\">\n<ul>\n<li style=\"font-weight: 400;\" aria-level=\"1\" class=\"translation-block\"><b>Passende Speisen zu Zigarren: <\/b><span style=\"font-weight: 400\">Dessertcremes, Obstkuchen, milde K\u00e4sesorten<\/span><\/li>\n<\/ul>\n<\/li>\n<\/ul>\n<ul>\n<li aria-level=\"1\" class=\"translation-block\"><b>Serviertipps: <\/b><span style=\"font-weight: 400\">Schnapsglas, kleines Tulpenglas, Old Fashioned-Glas<\/span><\/li>\n<\/ul>\n<p><b>Technisches Datenblatt<\/b><\/p>\n<ul>\n<li aria-level=\"1\" class=\"translation-block\"><b>Inhalt: <\/b><span style=\"font-weight: 400\">50 cl<\/span><\/li>\n<\/ul>\n<ul>\n<li aria-level=\"1\" class=\"translation-block\"><b>Alkoholgehalt: <\/b><span style=\"font-weight: 400\">40 % vol.<\/span><\/li>\n<\/ul>\n<ul>\n<li aria-level=\"1\" class=\"translation-block\"><b>Format: <\/b><span style=\"font-weight: 400\">Flasche<\/span><\/li>\n<\/ul>\n<p><b><\/b><b>Produktreferenz: <\/b><span style=\"font-weight: 400;\">SACL-VA5040<\/span><\/p>","protected":false},"excerpt":{"rendered":"<p class=\"translation-block\">Der <strong data-start=\"\u201e3\u201c\" data-end=\"\u201e45\u201c\">Rhum Classic Vanille 40 % vol. \u2013 50 cl<\/strong> besticht durch die Intensit\u00e4t seiner nat\u00fcrlichen Vanille und eine perfekt ausgewogene S\u00fc\u00dfe. Er eignet sich ideal zum puren Genuss oder als Begleiter zu lokalen Spezialit\u00e4ten und verk\u00f6rpert die Verbindung von Authentizit\u00e4t und Exotik.<\/p>","protected":false},"featured_media":1550,"comment_status":"open","ping_status":"closed","template":"","meta":[],"product_brand":[],"product_cat":[25],"product_tag":[],"class_list":{"0":"post-1549","1":"product","2":"type-product","3":"status-publish","4":"has-post-thumbnail","6":"product_cat-classique","8":"first","9":"instock","10":"taxable","11":"shipping-taxable","12":"purchasable","13":"product-type-simple"},"yoast_head":"<!-- This site is optimized with the Yoast SEO plugin v26.0 - https:\/\/yoast.com\/wordpress\/plugins\/seo\/ -->\n<title>Saint Aubin - Classic &quot;Vanille&quot; - EscaleRhum.ch<\/title>\n<meta name=\"robots\" content=\"index, follow, max-snippet:-1, max-image-preview:large, max-video-preview:-1\" \/>\n<link rel=\"canonical\" href=\"https:\/\/escale-rhum.ch\/de\/product\/classic-vanille\/\" \/>\n<meta property=\"og:locale\" content=\"de_DE\" \/>\n<meta property=\"og:type\" content=\"article\" \/>\n<meta property=\"og:title\" content=\"Saint Aubin - Classic &quot;Vanille&quot; - EscaleRhum.ch\" \/>\n<meta property=\"og:description\" content=\"Le Rhum Classic Vanille 40 % vol. \u2013 50 cl s\u00e9duit par l\u2019intensit\u00e9 de sa vanille naturelle et une douceur parfaitement \u00e9quilibr\u00e9e. Id\u00e9al en d\u00e9gustation pure ou en accords gourmands avec des produits locaux, il incarne l\u2019alliance entre authenticit\u00e9 et exotisme.\" \/>\n<meta property=\"og:url\" content=\"https:\/\/escale-rhum.ch\/de\/product\/classic-vanille\/\" \/>\n<meta property=\"og:site_name\" content=\"EscaleRhum.ch\" \/>\n<meta property=\"article:publisher\" content=\"https:\/\/www.facebook.com\/profile.php?id=61579168031030\" \/>\n<meta property=\"article:modified_time\" content=\"2025-10-04T19:09:18+00:00\" \/>\n<meta property=\"og:image\" content=\"https:\/\/escale-rhum.ch\/wp-content\/uploads\/2025\/09\/Vanilla-Classic.jpg\" \/>\n\t<meta property=\"og:image:width\" content=\"1000\" \/>\n\t<meta property=\"og:image:height\" content=\"1000\" \/>\n\t<meta property=\"og:image:type\" content=\"image\/jpeg\" \/>\n<meta name=\"twitter:card\" content=\"summary_large_image\" \/>\n<meta name=\"twitter:label1\" content=\"Gesch\u00e4tzte Lesezeit\" \/>\n\t<meta name=\"twitter:data1\" content=\"1\u00a0Minute\" \/>\n<script type=\"application\/ld+json\" class=\"yoast-schema-graph\">{\"@context\":\"https:\/\/schema.org\",\"@graph\":[{\"@type\":\"WebPage\",\"@id\":\"https:\/\/escale-rhum.ch\/product\/classic-vanille\/\",\"url\":\"https:\/\/escale-rhum.ch\/product\/classic-vanille\/\",\"name\":\"Saint Aubin - Classic \\\"Vanille\\\" - EscaleRhum.ch\",\"isPartOf\":{\"@id\":\"http:\/\/escale-rhum.ch\/de\/#website\"},\"primaryImageOfPage\":{\"@id\":\"https:\/\/escale-rhum.ch\/product\/classic-vanille\/#primaryimage\"},\"image\":{\"@id\":\"https:\/\/escale-rhum.ch\/product\/classic-vanille\/#primaryimage\"},\"thumbnailUrl\":\"https:\/\/escale-rhum.ch\/wp-content\/uploads\/2025\/09\/Vanilla-Classic.jpg\",\"datePublished\":\"2025-09-08T12:42:44+00:00\",\"dateModified\":\"2025-10-04T19:09:18+00:00\",\"breadcrumb\":{\"@id\":\"https:\/\/escale-rhum.ch\/product\/classic-vanille\/#breadcrumb\"},\"inLanguage\":\"de\",\"potentialAction\":[{\"@type\":\"ReadAction\",\"target\":[\"https:\/\/escale-rhum.ch\/product\/classic-vanille\/\"]}]},{\"@type\":\"ImageObject\",\"inLanguage\":\"de\",\"@id\":\"https:\/\/escale-rhum.ch\/product\/classic-vanille\/#primaryimage\",\"url\":\"https:\/\/escale-rhum.ch\/wp-content\/uploads\/2025\/09\/Vanilla-Classic.jpg\",\"contentUrl\":\"https:\/\/escale-rhum.ch\/wp-content\/uploads\/2025\/09\/Vanilla-Classic.jpg\",\"width\":1000,\"height\":1000},{\"@type\":\"BreadcrumbList\",\"@id\":\"https:\/\/escale-rhum.ch\/product\/classic-vanille\/#breadcrumb\",\"itemListElement\":[{\"@type\":\"ListItem\",\"position\":1,\"name\":\"Accueil\",\"item\":\"https:\/\/escale-rhum.ch\/\"},{\"@type\":\"ListItem\",\"position\":2,\"name\":\"Nos rhums\",\"item\":\"http:\/\/escale-rhum.ch\/de\/nos-rhums\/\"},{\"@type\":\"ListItem\",\"position\":3,\"name\":\"Saint Aubin &#8211; Classic \u00ab\u00a0Vanille\u00a0\u00bb\"}]},{\"@type\":\"WebSite\",\"@id\":\"http:\/\/escale-rhum.ch\/de\/#website\",\"url\":\"http:\/\/escale-rhum.ch\/de\/\",\"name\":\"Escale Rhum\",\"description\":\"Voyagez \u00e0 travers les saveurs authentiques de l\u2019\u00eele Maurice.\",\"publisher\":{\"@id\":\"http:\/\/escale-rhum.ch\/de\/#organization\"},\"alternateName\":\"escale-rhum.ch\",\"potentialAction\":[{\"@type\":\"SearchAction\",\"target\":{\"@type\":\"EntryPoint\",\"urlTemplate\":\"http:\/\/escale-rhum.ch\/de\/?s={search_term_string}\"},\"query-input\":{\"@type\":\"PropertyValueSpecification\",\"valueRequired\":true,\"valueName\":\"search_term_string\"}}],\"inLanguage\":\"de\"},{\"@type\":\"Organization\",\"@id\":\"http:\/\/escale-rhum.ch\/de\/#organization\",\"name\":\"Escale Rhum\",\"alternateName\":\"escale-rhum.ch\",\"url\":\"http:\/\/escale-rhum.ch\/de\/\",\"logo\":{\"@type\":\"ImageObject\",\"inLanguage\":\"de\",\"@id\":\"http:\/\/escale-rhum.ch\/de\/#\/schema\/logo\/image\/\",\"url\":\"https:\/\/escale-rhum.ch\/wp-content\/uploads\/2025\/09\/Logo-Version-Final-Logo-Rhum-et-Sens-4.png\",\"contentUrl\":\"https:\/\/escale-rhum.ch\/wp-content\/uploads\/2025\/09\/Logo-Version-Final-Logo-Rhum-et-Sens-4.png\",\"width\":500,\"height\":500,\"caption\":\"Escale Rhum\"},\"image\":{\"@id\":\"http:\/\/escale-rhum.ch\/de\/#\/schema\/logo\/image\/\"},\"sameAs\":[\"https:\/\/www.facebook.com\/profile.php?id=61579168031030\"]}]}<\/script>\n<!-- \/ Yoast SEO plugin. -->","yoast_head_json":{"title":"Saint Aubin - Classic \"Vanille\" - EscaleRhum.ch","robots":{"index":"index","follow":"follow","max-snippet":"max-snippet:-1","max-image-preview":"max-image-preview:large","max-video-preview":"max-video-preview:-1"},"canonical":"https:\/\/escale-rhum.ch\/de\/product\/classic-vanille\/","og_locale":"de_DE","og_type":"article","og_title":"Saint Aubin - Classic \"Vanille\" - EscaleRhum.ch","og_description":"Le Rhum Classic Vanille 40 % vol. \u2013 50 cl s\u00e9duit par l\u2019intensit\u00e9 de sa vanille naturelle et une douceur parfaitement \u00e9quilibr\u00e9e. Id\u00e9al en d\u00e9gustation pure ou en accords gourmands avec des produits locaux, il incarne l\u2019alliance entre authenticit\u00e9 et exotisme.","og_url":"https:\/\/escale-rhum.ch\/de\/product\/classic-vanille\/","og_site_name":"EscaleRhum.ch","article_publisher":"https:\/\/www.facebook.com\/profile.php?id=61579168031030","article_modified_time":"2025-10-04T19:09:18+00:00","og_image":[{"width":1000,"height":1000,"url":"https:\/\/escale-rhum.ch\/wp-content\/uploads\/2025\/09\/Vanilla-Classic.jpg","type":"image\/jpeg"}],"twitter_card":"summary_large_image","twitter_misc":{"Gesch\u00e4tzte Lesezeit":"1\u00a0Minute"},"schema":{"@context":"https:\/\/schema.org","@graph":[{"@type":"WebPage","@id":"https:\/\/escale-rhum.ch\/product\/classic-vanille\/","url":"https:\/\/escale-rhum.ch\/product\/classic-vanille\/","name":"Saint Aubin - Classic \"Vanille\" - EscaleRhum.ch","isPartOf":{"@id":"http:\/\/escale-rhum.ch\/de\/#website"},"primaryImageOfPage":{"@id":"https:\/\/escale-rhum.ch\/product\/classic-vanille\/#primaryimage"},"image":{"@id":"https:\/\/escale-rhum.ch\/product\/classic-vanille\/#primaryimage"},"thumbnailUrl":"https:\/\/escale-rhum.ch\/wp-content\/uploads\/2025\/09\/Vanilla-Classic.jpg","datePublished":"2025-09-08T12:42:44+00:00","dateModified":"2025-10-04T19:09:18+00:00","breadcrumb":{"@id":"https:\/\/escale-rhum.ch\/product\/classic-vanille\/#breadcrumb"},"inLanguage":"de","potentialAction":[{"@type":"ReadAction","target":["https:\/\/escale-rhum.ch\/product\/classic-vanille\/"]}]},{"@type":"ImageObject","inLanguage":"de","@id":"https:\/\/escale-rhum.ch\/product\/classic-vanille\/#primaryimage","url":"https:\/\/escale-rhum.ch\/wp-content\/uploads\/2025\/09\/Vanilla-Classic.jpg","contentUrl":"https:\/\/escale-rhum.ch\/wp-content\/uploads\/2025\/09\/Vanilla-Classic.jpg","width":1000,"height":1000},{"@type":"BreadcrumbList","@id":"https:\/\/escale-rhum.ch\/product\/classic-vanille\/#breadcrumb","itemListElement":[{"@type":"ListItem","position":1,"name":"Accueil","item":"https:\/\/escale-rhum.ch\/"},{"@type":"ListItem","position":2,"name":"Nos rhums","item":"http:\/\/escale-rhum.ch\/de\/nos-rhums\/"},{"@type":"ListItem","position":3,"name":"Saint Aubin &#8211; Classic \u00ab\u00a0Vanille\u00a0\u00bb"}]},{"@type":"WebSite","@id":"http:\/\/escale-rhum.ch\/de\/#website","url":"http:\/\/escale-rhum.ch\/de\/","name":"Escale Rhum","description":"Voyagez \u00e0 travers les saveurs authentiques de l\u2019\u00eele Maurice.","publisher":{"@id":"http:\/\/escale-rhum.ch\/de\/#organization"},"alternateName":"escale-rhum.ch","potentialAction":[{"@type":"SearchAction","target":{"@type":"EntryPoint","urlTemplate":"http:\/\/escale-rhum.ch\/de\/?s={search_term_string}"},"query-input":{"@type":"PropertyValueSpecification","valueRequired":true,"valueName":"search_term_string"}}],"inLanguage":"de"},{"@type":"Organization","@id":"http:\/\/escale-rhum.ch\/de\/#organization","name":"Escale Rhum","alternateName":"escale-rhum.ch","url":"http:\/\/escale-rhum.ch\/de\/","logo":{"@type":"ImageObject","inLanguage":"de","@id":"http:\/\/escale-rhum.ch\/de\/#\/schema\/logo\/image\/","url":"https:\/\/escale-rhum.ch\/wp-content\/uploads\/2025\/09\/Logo-Version-Final-Logo-Rhum-et-Sens-4.png","contentUrl":"https:\/\/escale-rhum.ch\/wp-content\/uploads\/2025\/09\/Logo-Version-Final-Logo-Rhum-et-Sens-4.png","width":500,"height":500,"caption":"Escale Rhum"},"image":{"@id":"http:\/\/escale-rhum.ch\/de\/#\/schema\/logo\/image\/"},"sameAs":["https:\/\/www.facebook.com\/profile.php?id=61579168031030"]}]}},"jetpack_sharing_enabled":true,"_links":{"self":[{"href":"https:\/\/escale-rhum.ch\/de\/wp-json\/wp\/v2\/product\/1549","targetHints":{"allow":["GET"]}}],"collection":[{"href":"https:\/\/escale-rhum.ch\/de\/wp-json\/wp\/v2\/product"}],"about":[{"href":"https:\/\/escale-rhum.ch\/de\/wp-json\/wp\/v2\/types\/product"}],"replies":[{"embeddable":true,"href":"https:\/\/escale-rhum.ch\/de\/wp-json\/wp\/v2\/comments?post=1549"}],"wp:featuredmedia":[{"embeddable":true,"href":"https:\/\/escale-rhum.ch\/de\/wp-json\/wp\/v2\/media\/1550"}],"wp:attachment":[{"href":"https:\/\/escale-rhum.ch\/de\/wp-json\/wp\/v2\/media?parent=1549"}],"wp:term":[{"taxonomy":"product_brand","embeddable":true,"href":"https:\/\/escale-rhum.ch\/de\/wp-json\/wp\/v2\/product_brand?post=1549"},{"taxonomy":"product_cat","embeddable":true,"href":"https:\/\/escale-rhum.ch\/de\/wp-json\/wp\/v2\/product_cat?post=1549"},{"taxonomy":"product_tag","embeddable":true,"href":"https:\/\/escale-rhum.ch\/de\/wp-json\/wp\/v2\/product_tag?post=1549"}],"curies":[{"name":"wp","href":"https:\/\/api.w.org\/{rel}","templated":true}]}}