{"id":1557,"date":"2025-09-08T12:47:02","date_gmt":"2025-09-08T12:47:02","guid":{"rendered":"https:\/\/escale-rhum.ch\/?post_type=product&#038;p=1557"},"modified":"2025-10-04T19:09:55","modified_gmt":"2025-10-04T19:09:55","slug":"xo-finish","status":"publish","type":"product","link":"https:\/\/escale-rhum.ch\/de\/product\/xo-finish\/","title":{"rendered":"Saint Aubin &#8211; XO Finish"},"content":{"rendered":"<h1 style=\"text-align: center;\"><b>Saint Aubin XO<\/b><\/h1>\n<h1 style=\"text-align: center;\"><b><i>Die Kunst des au\u00dfergew\u00f6hnlichen Rums<\/i><\/b><\/h1>\n<p><b>Geschichte im Glas<\/b><\/p>\n<p><span style=\"font-weight: 400;\">Der Rum XO von Saint Aubin verk\u00f6rpert mauritisches Handwerkskunst auf h\u00f6chstem Niveau. Er wird aus reinem Zuckerrohrsaft in einem traditionellen Destillierkolben gebrannt und reift mindestens sechs Jahre lang in einer einzigartigen Kombination aus neuen franz\u00f6sischen Eichenf\u00e4ssern und alten Cognacf\u00e4ssern, was ihm eine au\u00dfergew\u00f6hnliche aromatische Komplexit\u00e4t und eine raffinierte Ausgewogenheit verleiht. Mit einem Alkoholgehalt von 44 % bietet dieser XO Kraft und Finesse in jedem Schluck.<\/span><\/p>\n<p><span style=\"font-weight: 400;\">Jede Flasche zeugt von der Exzellenz der traditionellen Destillation, bei der jeder Schritt mit gr\u00f6\u00dfter Sorgfalt durchgef\u00fchrt wird, um einen Rum mit reichen und tiefen Aromen zu kreieren, in dem Finesse auf Raffinesse trifft.<\/span><\/p>\n<p><b>Sensorische Noten<\/b><\/p>\n<ul>\n<li aria-level=\"1\" class=\"translation-block\"><b>In der Nase: <\/b><span style=\"font-weight: 400\">elegante Aromen von kandierten Fr\u00fcchten, zartem Karamell, edlem Holz und subtilen Vanillenoten<\/span><\/li>\n<\/ul>\n<ul>\n<li aria-level=\"1\" class=\"translation-block\"><b>Am Gaumen: <\/b><span style=\"font-weight: 400\">samtig und harmonisch, mit Aromen von Trockenfr\u00fcchten, dunkler Schokolade und einer leicht w\u00fcrzigen Note, die den Gaumen umh\u00fcllt<\/span><\/li>\n<\/ul>\n<ul>\n<li aria-level=\"1\" class=\"translation-block\"><b>Abgang: <\/b><span style=\"font-weight: 400\">lang und anhaltend, ausgewogen zwischen W\u00e4rme, S\u00fc\u00dfe und holziger Komplexit\u00e4t f\u00fcr ein unvergessliches Erlebnis<\/span><\/li>\n<\/ul>\n<p><b>Verkostung &amp; Kombinationen<\/b><\/p>\n<ul>\n<li aria-level=\"1\" class=\"translation-block\"><b>Idealer Zeitpunkt: <\/b><span style=\"font-weight: 400\">Verdauung, pur, Cocktail<\/span><\/li>\n<\/ul>\n<ul>\n<li aria-level=\"1\" class=\"translation-block\"><b>Speisenempfehlungen: <\/b><span style=\"font-weight: 400\">feine dunkle Schokolade und Tr\u00fcffel mit intensivem Kakaogeschmack; Trockenfr\u00fcchte, Mandeln, Waln\u00fcsse, Feigen, Datteln; gereifter Hartk\u00e4se oder Blauschimmelk\u00e4se; Foie gras oder raffinierte Speisen; feines Geb\u00e4ck oder Desserts auf Karamellbasis oder mit exotischen Fr\u00fcchten<\/span><\/li>\n<\/ul>\n<ul>\n<li aria-level=\"1\" class=\"translation-block\"><b>Zigarren: <\/b><span style=\"font-weight: 400\">leichte bis mittelkr\u00e4ftige Zigarren f\u00fcr subtile Aromen von Vanille und Trockenfr\u00fcchten oder kr\u00e4ftige Zigarren und Maduro, um die holzige Kraft und die raffinierten Gew\u00fcrze hervorzuheben<\/span><\/li>\n<\/ul>\n<ul>\n<li aria-level=\"1\" class=\"translation-block\"><b>Serviertipps: <\/b><span style=\"font-weight: 400\">An einem k\u00fchlen, trockenen und lichtgesch\u00fctzten Ort bei leicht temperierter Temperatur lagern; Tulpen- oder Ballonglas verwenden<\/span><\/li>\n<\/ul>\n<p><b>Technisches Datenblatt<\/b><\/p>\n<ul>\n<li aria-level=\"1\" class=\"translation-block\"><b>Inhalt: <\/b><span style=\"font-weight: 400\">70 cl<\/span><\/li>\n<\/ul>\n<ul>\n<li aria-level=\"1\" class=\"translation-block\"><b>Alkoholgehalt: <\/b><span style=\"font-weight: 400\">44 % vol.<\/span><\/li>\n<\/ul>\n<ul>\n<li aria-level=\"1\" class=\"translation-block\"><b>Format: <\/b><span style=\"font-weight: 400\">Flasche<\/span><\/li>\n<\/ul>\n<p><b><\/b><b>Produktreferenz: <\/b><span style=\"font-weight: 400;\">SARH6-XO7044<\/span><\/p>","protected":false},"excerpt":{"rendered":"<p class=\"translation-block\">Der <strong data-start=\"\u201e3\u201c\" data-end=\"\u201e29\u201c\">Rhum XO de Saint Aubin<\/strong> wird aus reinem mauritischem Zuckerrohrsaft hergestellt, in einem traditionellen Destillierkolben destilliert und anschlie\u00dfend mindestens 6 Jahre lang in franz\u00f6sischen Eichenf\u00e4ssern und alten Cognacf\u00e4ssern gereift. Mit seinen <strong data-start=\"\u201e210\u201c\" data-end=\"\u201e223\u201c\">44 % Vol.<\/strong> besticht er durch eine bemerkenswerte aromatische Komplexit\u00e4t, die Kraft und Raffinesse vereint.<\/p>","protected":false},"featured_media":1661,"comment_status":"open","ping_status":"closed","template":"","meta":[],"product_brand":[],"product_cat":[23],"product_tag":[],"class_list":{"0":"post-1557","1":"product","2":"type-product","3":"status-publish","4":"has-post-thumbnail","6":"product_cat-vieux-rhum","8":"first","9":"instock","10":"taxable","11":"shipping-taxable","12":"purchasable","13":"product-type-simple"},"yoast_head":"<!-- This site is optimized with the Yoast SEO plugin v26.0 - https:\/\/yoast.com\/wordpress\/plugins\/seo\/ -->\n<title>Saint Aubin - XO Finish - EscaleRhum.ch<\/title>\n<meta name=\"robots\" content=\"index, follow, max-snippet:-1, max-image-preview:large, max-video-preview:-1\" \/>\n<link rel=\"canonical\" href=\"https:\/\/escale-rhum.ch\/de\/product\/xo-finish\/\" \/>\n<meta property=\"og:locale\" content=\"de_DE\" \/>\n<meta property=\"og:type\" content=\"article\" \/>\n<meta property=\"og:title\" content=\"Saint Aubin - XO Finish - EscaleRhum.ch\" \/>\n<meta property=\"og:description\" content=\"Le Rhum XO de Saint Aubin est \u00e9labor\u00e9 \u00e0 partir de pur jus de canne mauricien, distill\u00e9 dans un alambic traditionnel puis vieilli au moins 6 ans en f\u00fbts de ch\u00eane fran\u00e7ais et anciens f\u00fbts de cognac. Avec ses 44 % vol., il s\u00e9duit par une complexit\u00e9 aromatique remarquable alliant puissance et raffinement.\" \/>\n<meta property=\"og:url\" content=\"https:\/\/escale-rhum.ch\/de\/product\/xo-finish\/\" \/>\n<meta property=\"og:site_name\" content=\"EscaleRhum.ch\" \/>\n<meta property=\"article:publisher\" content=\"https:\/\/www.facebook.com\/profile.php?id=61579168031030\" \/>\n<meta property=\"article:modified_time\" content=\"2025-10-04T19:09:55+00:00\" \/>\n<meta property=\"og:image\" content=\"https:\/\/escale-rhum.ch\/wp-content\/uploads\/2025\/09\/XO-Finish-1.jpg\" \/>\n\t<meta property=\"og:image:width\" content=\"1000\" \/>\n\t<meta property=\"og:image:height\" content=\"1000\" \/>\n\t<meta property=\"og:image:type\" content=\"image\/jpeg\" \/>\n<meta name=\"twitter:card\" content=\"summary_large_image\" \/>\n<meta name=\"twitter:label1\" content=\"Gesch\u00e4tzte Lesezeit\" \/>\n\t<meta name=\"twitter:data1\" content=\"2\u00a0Minuten\" \/>\n<script type=\"application\/ld+json\" class=\"yoast-schema-graph\">{\"@context\":\"https:\/\/schema.org\",\"@graph\":[{\"@type\":\"WebPage\",\"@id\":\"https:\/\/escale-rhum.ch\/product\/xo-finish\/\",\"url\":\"https:\/\/escale-rhum.ch\/product\/xo-finish\/\",\"name\":\"Saint Aubin - XO Finish - EscaleRhum.ch\",\"isPartOf\":{\"@id\":\"http:\/\/escale-rhum.ch\/de\/#website\"},\"primaryImageOfPage\":{\"@id\":\"https:\/\/escale-rhum.ch\/product\/xo-finish\/#primaryimage\"},\"image\":{\"@id\":\"https:\/\/escale-rhum.ch\/product\/xo-finish\/#primaryimage\"},\"thumbnailUrl\":\"https:\/\/escale-rhum.ch\/wp-content\/uploads\/2025\/09\/XO-Finish-1.jpg\",\"datePublished\":\"2025-09-08T12:47:02+00:00\",\"dateModified\":\"2025-10-04T19:09:55+00:00\",\"breadcrumb\":{\"@id\":\"https:\/\/escale-rhum.ch\/product\/xo-finish\/#breadcrumb\"},\"inLanguage\":\"de\",\"potentialAction\":[{\"@type\":\"ReadAction\",\"target\":[\"https:\/\/escale-rhum.ch\/product\/xo-finish\/\"]}]},{\"@type\":\"ImageObject\",\"inLanguage\":\"de\",\"@id\":\"https:\/\/escale-rhum.ch\/product\/xo-finish\/#primaryimage\",\"url\":\"https:\/\/escale-rhum.ch\/wp-content\/uploads\/2025\/09\/XO-Finish-1.jpg\",\"contentUrl\":\"https:\/\/escale-rhum.ch\/wp-content\/uploads\/2025\/09\/XO-Finish-1.jpg\",\"width\":1000,\"height\":1000},{\"@type\":\"BreadcrumbList\",\"@id\":\"https:\/\/escale-rhum.ch\/product\/xo-finish\/#breadcrumb\",\"itemListElement\":[{\"@type\":\"ListItem\",\"position\":1,\"name\":\"Accueil\",\"item\":\"https:\/\/escale-rhum.ch\/\"},{\"@type\":\"ListItem\",\"position\":2,\"name\":\"Nos rhums\",\"item\":\"http:\/\/escale-rhum.ch\/de\/nos-rhums\/\"},{\"@type\":\"ListItem\",\"position\":3,\"name\":\"Saint Aubin &#8211; XO Finish\"}]},{\"@type\":\"WebSite\",\"@id\":\"http:\/\/escale-rhum.ch\/de\/#website\",\"url\":\"http:\/\/escale-rhum.ch\/de\/\",\"name\":\"Escale Rhum\",\"description\":\"Voyagez \u00e0 travers les saveurs authentiques de l\u2019\u00eele Maurice.\",\"publisher\":{\"@id\":\"http:\/\/escale-rhum.ch\/de\/#organization\"},\"alternateName\":\"escale-rhum.ch\",\"potentialAction\":[{\"@type\":\"SearchAction\",\"target\":{\"@type\":\"EntryPoint\",\"urlTemplate\":\"http:\/\/escale-rhum.ch\/de\/?s={search_term_string}\"},\"query-input\":{\"@type\":\"PropertyValueSpecification\",\"valueRequired\":true,\"valueName\":\"search_term_string\"}}],\"inLanguage\":\"de\"},{\"@type\":\"Organization\",\"@id\":\"http:\/\/escale-rhum.ch\/de\/#organization\",\"name\":\"Escale Rhum\",\"alternateName\":\"escale-rhum.ch\",\"url\":\"http:\/\/escale-rhum.ch\/de\/\",\"logo\":{\"@type\":\"ImageObject\",\"inLanguage\":\"de\",\"@id\":\"http:\/\/escale-rhum.ch\/de\/#\/schema\/logo\/image\/\",\"url\":\"https:\/\/escale-rhum.ch\/wp-content\/uploads\/2025\/09\/Logo-Version-Final-Logo-Rhum-et-Sens-4.png\",\"contentUrl\":\"https:\/\/escale-rhum.ch\/wp-content\/uploads\/2025\/09\/Logo-Version-Final-Logo-Rhum-et-Sens-4.png\",\"width\":500,\"height\":500,\"caption\":\"Escale Rhum\"},\"image\":{\"@id\":\"http:\/\/escale-rhum.ch\/de\/#\/schema\/logo\/image\/\"},\"sameAs\":[\"https:\/\/www.facebook.com\/profile.php?id=61579168031030\"]}]}<\/script>\n<!-- \/ Yoast SEO plugin. -->","yoast_head_json":{"title":"Saint Aubin - XO Finish - EscaleRhum.ch","robots":{"index":"index","follow":"follow","max-snippet":"max-snippet:-1","max-image-preview":"max-image-preview:large","max-video-preview":"max-video-preview:-1"},"canonical":"https:\/\/escale-rhum.ch\/de\/product\/xo-finish\/","og_locale":"de_DE","og_type":"article","og_title":"Saint Aubin - XO Finish - EscaleRhum.ch","og_description":"Le Rhum XO de Saint Aubin est \u00e9labor\u00e9 \u00e0 partir de pur jus de canne mauricien, distill\u00e9 dans un alambic traditionnel puis vieilli au moins 6 ans en f\u00fbts de ch\u00eane fran\u00e7ais et anciens f\u00fbts de cognac. Avec ses 44 % vol., il s\u00e9duit par une complexit\u00e9 aromatique remarquable alliant puissance et raffinement.","og_url":"https:\/\/escale-rhum.ch\/de\/product\/xo-finish\/","og_site_name":"EscaleRhum.ch","article_publisher":"https:\/\/www.facebook.com\/profile.php?id=61579168031030","article_modified_time":"2025-10-04T19:09:55+00:00","og_image":[{"width":1000,"height":1000,"url":"https:\/\/escale-rhum.ch\/wp-content\/uploads\/2025\/09\/XO-Finish-1.jpg","type":"image\/jpeg"}],"twitter_card":"summary_large_image","twitter_misc":{"Gesch\u00e4tzte Lesezeit":"2\u00a0Minuten"},"schema":{"@context":"https:\/\/schema.org","@graph":[{"@type":"WebPage","@id":"https:\/\/escale-rhum.ch\/product\/xo-finish\/","url":"https:\/\/escale-rhum.ch\/product\/xo-finish\/","name":"Saint Aubin - XO Finish - EscaleRhum.ch","isPartOf":{"@id":"http:\/\/escale-rhum.ch\/de\/#website"},"primaryImageOfPage":{"@id":"https:\/\/escale-rhum.ch\/product\/xo-finish\/#primaryimage"},"image":{"@id":"https:\/\/escale-rhum.ch\/product\/xo-finish\/#primaryimage"},"thumbnailUrl":"https:\/\/escale-rhum.ch\/wp-content\/uploads\/2025\/09\/XO-Finish-1.jpg","datePublished":"2025-09-08T12:47:02+00:00","dateModified":"2025-10-04T19:09:55+00:00","breadcrumb":{"@id":"https:\/\/escale-rhum.ch\/product\/xo-finish\/#breadcrumb"},"inLanguage":"de","potentialAction":[{"@type":"ReadAction","target":["https:\/\/escale-rhum.ch\/product\/xo-finish\/"]}]},{"@type":"ImageObject","inLanguage":"de","@id":"https:\/\/escale-rhum.ch\/product\/xo-finish\/#primaryimage","url":"https:\/\/escale-rhum.ch\/wp-content\/uploads\/2025\/09\/XO-Finish-1.jpg","contentUrl":"https:\/\/escale-rhum.ch\/wp-content\/uploads\/2025\/09\/XO-Finish-1.jpg","width":1000,"height":1000},{"@type":"BreadcrumbList","@id":"https:\/\/escale-rhum.ch\/product\/xo-finish\/#breadcrumb","itemListElement":[{"@type":"ListItem","position":1,"name":"Accueil","item":"https:\/\/escale-rhum.ch\/"},{"@type":"ListItem","position":2,"name":"Nos rhums","item":"http:\/\/escale-rhum.ch\/de\/nos-rhums\/"},{"@type":"ListItem","position":3,"name":"Saint Aubin &#8211; XO Finish"}]},{"@type":"WebSite","@id":"http:\/\/escale-rhum.ch\/de\/#website","url":"http:\/\/escale-rhum.ch\/de\/","name":"Escale Rhum","description":"Voyagez \u00e0 travers les saveurs authentiques de l\u2019\u00eele Maurice.","publisher":{"@id":"http:\/\/escale-rhum.ch\/de\/#organization"},"alternateName":"escale-rhum.ch","potentialAction":[{"@type":"SearchAction","target":{"@type":"EntryPoint","urlTemplate":"http:\/\/escale-rhum.ch\/de\/?s={search_term_string}"},"query-input":{"@type":"PropertyValueSpecification","valueRequired":true,"valueName":"search_term_string"}}],"inLanguage":"de"},{"@type":"Organization","@id":"http:\/\/escale-rhum.ch\/de\/#organization","name":"Escale Rhum","alternateName":"escale-rhum.ch","url":"http:\/\/escale-rhum.ch\/de\/","logo":{"@type":"ImageObject","inLanguage":"de","@id":"http:\/\/escale-rhum.ch\/de\/#\/schema\/logo\/image\/","url":"https:\/\/escale-rhum.ch\/wp-content\/uploads\/2025\/09\/Logo-Version-Final-Logo-Rhum-et-Sens-4.png","contentUrl":"https:\/\/escale-rhum.ch\/wp-content\/uploads\/2025\/09\/Logo-Version-Final-Logo-Rhum-et-Sens-4.png","width":500,"height":500,"caption":"Escale Rhum"},"image":{"@id":"http:\/\/escale-rhum.ch\/de\/#\/schema\/logo\/image\/"},"sameAs":["https:\/\/www.facebook.com\/profile.php?id=61579168031030"]}]}},"jetpack_sharing_enabled":true,"_links":{"self":[{"href":"https:\/\/escale-rhum.ch\/de\/wp-json\/wp\/v2\/product\/1557","targetHints":{"allow":["GET"]}}],"collection":[{"href":"https:\/\/escale-rhum.ch\/de\/wp-json\/wp\/v2\/product"}],"about":[{"href":"https:\/\/escale-rhum.ch\/de\/wp-json\/wp\/v2\/types\/product"}],"replies":[{"embeddable":true,"href":"https:\/\/escale-rhum.ch\/de\/wp-json\/wp\/v2\/comments?post=1557"}],"wp:featuredmedia":[{"embeddable":true,"href":"https:\/\/escale-rhum.ch\/de\/wp-json\/wp\/v2\/media\/1661"}],"wp:attachment":[{"href":"https:\/\/escale-rhum.ch\/de\/wp-json\/wp\/v2\/media?parent=1557"}],"wp:term":[{"taxonomy":"product_brand","embeddable":true,"href":"https:\/\/escale-rhum.ch\/de\/wp-json\/wp\/v2\/product_brand?post=1557"},{"taxonomy":"product_cat","embeddable":true,"href":"https:\/\/escale-rhum.ch\/de\/wp-json\/wp\/v2\/product_cat?post=1557"},{"taxonomy":"product_tag","embeddable":true,"href":"https:\/\/escale-rhum.ch\/de\/wp-json\/wp\/v2\/product_tag?post=1557"}],"curies":[{"name":"wp","href":"https:\/\/api.w.org\/{rel}","templated":true}]}}